{"id":373,"date":"2024-04-22T13:46:25","date_gmt":"2024-04-22T11:46:25","guid":{"rendered":"https:\/\/araujuzon.fr\/?page_id=373"},"modified":"2025-09-18T09:31:45","modified_gmt":"2025-09-18T07:31:45","slug":"compte-rendu-du-conseil","status":"publish","type":"page","link":"https:\/\/araujuzon.fr\/index.php\/compte-rendu-du-conseil\/","title":{"rendered":"Compte Rendu du Conseil"},"content":{"rendered":"\n<div class=\"wp-block-columns is-layout-flex wp-container-core-columns-is-layout-9d6595d7 wp-block-columns-is-layout-flex\">\n<div class=\"wp-block-column is-layout-flow wp-block-column-is-layout-flow\">\n<h4 class=\"wp-block-heading has-text-align-center\">Compte rendu 2025<\/h4>\n\n\n\n<div id=\"wp-block-themeisle-blocks-button-group-a3935e15\" class=\"wp-block-themeisle-blocks-button-group wp-block-buttons\">\n<div id=\"wp-block-themeisle-blocks-button-af862aa7\" class=\"wp-block-themeisle-blocks-button wp-block-button\"><a href=\"https:\/\/araujuzon.fr\/wp-content\/uploads\/2025\/05\/CR-Conseil-Municipal-10-avril-2025.zip\" target=\"_self\" rel=\"noopener noreferrer\" class=\"wp-block-button__link\"><span>10 avril 2025<\/span><\/a><\/div>\n\n\n\n<div id=\"wp-block-themeisle-blocks-button-792d5b23\" class=\"wp-block-themeisle-blocks-button wp-block-button\"><a href=\"https:\/\/araujuzon.fr\/wp-content\/uploads\/2025\/09\/CR-Conseil-Municipal-26-juin-2025.zip\" target=\"_self\" rel=\"noopener noreferrer\" class=\"wp-block-button__link\"><span>26 juin 2025<\/span><\/a><\/div>\n<\/div>\n<\/div>\n\n\n\n<div class=\"wp-block-column is-layout-flow wp-block-column-is-layout-flow\">\n<h4 class=\"wp-block-heading has-text-align-center\">Compte rendu 2024<\/h4>\n\n\n\n<p class=\"has-text-align-center\">(Cliquer pour t\u00e9l\u00e9charger)<\/p>\n\n\n\n<div class=\"wp-block-buttons is-content-justification-center is-layout-flex wp-container-core-buttons-is-layout-16018d1d wp-block-buttons-is-layout-flex\">\n<div class=\"wp-block-button\"><a class=\"wp-block-button__link wp-element-button\" href=\"https:\/\/araujuzon.fr\/wp-content\/uploads\/2024\/10\/CR-Conseil-Municipal-11-janvier-2024.zip\">11 janvier 2024<\/a><\/div>\n\n\n\n<div class=\"wp-block-button\"><a class=\"wp-block-button__link wp-element-button\" href=\"https:\/\/araujuzon.fr\/wp-content\/uploads\/2024\/10\/CR-Conseil-Municipal-27-fevrier-2024.zip\">27 f\u00e9vrier 2024<\/a><\/div>\n\n\n\n<div class=\"wp-block-button\"><a class=\"wp-block-button__link wp-element-button\" href=\"https:\/\/araujuzon.fr\/wp-content\/uploads\/2024\/10\/CR-Conseil-Municipal-11-AVRIL-2024.zip\">11 avril 2024<\/a><\/div>\n\n\n\n<div class=\"wp-block-button\"><a class=\"wp-block-button__link wp-element-button\" href=\"https:\/\/araujuzon.fr\/wp-content\/uploads\/2024\/10\/CR-Conseil-Municipal-15-Mai-2024.zip\">15 mai 2024<\/a><\/div>\n\n\n\n<div class=\"wp-block-button\"><a class=\"wp-block-button__link wp-element-button\" href=\"https:\/\/araujuzon.fr\/wp-content\/uploads\/2024\/10\/CR-Conseil-Municipal-26-JUIN-2024.zip\">26 juin 2024<\/a><\/div>\n\n\n\n<div class=\"wp-block-button\"><a class=\"wp-block-button__link wp-element-button\" href=\"https:\/\/araujuzon.fr\/wp-content\/uploads\/2024\/10\/CR-Conseil-Municipal-12-Septembre-2024.zip\">12 septembre 2024<\/a><\/div>\n\n\n\n<div class=\"wp-block-button\"><a class=\"wp-block-button__link wp-element-button\" href=\"https:\/\/araujuzon.fr\/wp-content\/uploads\/2024\/10\/CR-Conseil-Municipal-10-octobre-2024.zip\">10 octobre 2024<\/a><\/div>\n\n\n\n<div class=\"wp-block-button\"><a class=\"wp-block-button__link wp-element-button\" href=\"https:\/\/araujuzon.fr\/wp-content\/uploads\/2025\/02\/CR-Conseil-Municipal-14-novembre-2024.zip\">14 novembre 2024<\/a><\/div>\n\n\n\n<div class=\"wp-block-button\"><a class=\"wp-block-button__link wp-element-button\" href=\"https:\/\/araujuzon.fr\/wp-content\/uploads\/2025\/02\/CR-Conseil-Municipal-11-decembre-2024.zip\">11 d\u00e9cembre 2024<\/a><\/div>\n<\/div>\n<\/div>\n<\/div>\n\n\n\n<div class=\"wp-block-columns is-layout-flex wp-container-core-columns-is-layout-9d6595d7 wp-block-columns-is-layout-flex\">\n<div class=\"wp-block-column is-layout-flow wp-block-column-is-layout-flow\">\n<h4 class=\"wp-block-heading has-text-align-center\">Compte rendu 2023<\/h4>\n\n\n\n<p class=\"has-text-align-center\">(Cliquer pour t\u00e9l\u00e9charger)<\/p>\n\n\n\n<div class=\"wp-block-buttons is-layout-flex wp-block-buttons-is-layout-flex\">\n<div class=\"wp-block-button\"><a class=\"wp-block-button__link wp-element-button\" href=\"https:\/\/araujuzon.fr\/wp-content\/uploads\/2024\/04\/CR-Conseil-Municipal-2-mars-2023.zip\">2 mars 2023<\/a><\/div>\n\n\n\n<div class=\"wp-block-button\"><a class=\"wp-block-button__link wp-element-button\" href=\"https:\/\/araujuzon.fr\/wp-content\/uploads\/2024\/04\/CR-Conseil-Municipal-7-avril-2023.zip\">7 avril 2023<\/a><\/div>\n\n\n\n<div class=\"wp-block-button\"><a class=\"wp-block-button__link wp-element-button\" href=\"https:\/\/araujuzon.fr\/wp-content\/uploads\/2024\/04\/CR-Conseil-Municipal-11-mail-2023.zip\">11 mai 2023<\/a><\/div>\n\n\n\n<div class=\"wp-block-button\"><a class=\"wp-block-button__link wp-element-button\">9 juin 2023<\/a><\/div>\n\n\n\n<div class=\"wp-block-button\"><a class=\"wp-block-button__link wp-element-button\" href=\"https:\/\/araujuzon.fr\/wp-content\/uploads\/2024\/04\/CR-Conseil-Municipal-26-juin-2023.zip\">26 juin 2023<\/a><\/div>\n\n\n\n<div class=\"wp-block-button\"><a class=\"wp-block-button__link wp-element-button\" href=\"https:\/\/araujuzon.fr\/wp-content\/uploads\/2024\/04\/CR-Conseil-Municipal-27-octobre-2023.zip\">27 octobre 2023<\/a><\/div>\n\n\n\n<div class=\"wp-block-button\"><a class=\"wp-block-button__link wp-element-button\" href=\"https:\/\/araujuzon.fr\/wp-content\/uploads\/2024\/10\/CR-Conseil-Municipal-11-decembre-2023.zip\">11 d\u00e9cembre 2023<\/a><\/div>\n<\/div>\n<\/div>\n\n\n\n<div class=\"wp-block-column is-layout-flow wp-block-column-is-layout-flow\">\n<h4 class=\"wp-block-heading has-text-align-center\">Compte rendu 2022<\/h4>\n\n\n\n<p class=\"has-text-align-center\">(Cliquer pour t\u00e9l\u00e9charger)<\/p>\n\n\n\n<div class=\"wp-block-buttons is-content-justification-center is-layout-flex wp-container-core-buttons-is-layout-16018d1d wp-block-buttons-is-layout-flex\">\n<div class=\"wp-block-button\"><a class=\"wp-block-button__link wp-element-button\" href=\"https:\/\/araujuzon.fr\/wp-content\/uploads\/2024\/04\/CR-Conseil-Municipal-27-janvier-2022.zip\">27 janvier 2022<\/a><\/div>\n\n\n\n<div class=\"wp-block-button\"><a class=\"wp-block-button__link wp-element-button\" href=\"https:\/\/araujuzon.fr\/wp-content\/uploads\/2024\/04\/CR-Conseil-Municipal-7-mars-2022.zip\">7 mars 2022<\/a><\/div>\n\n\n\n<div class=\"wp-block-button\"><a class=\"wp-block-button__link wp-element-button\" href=\"https:\/\/araujuzon.fr\/wp-content\/uploads\/2024\/04\/CR-Conseil-Municipal-12-avril-2022.zip\">12 avril 2022<\/a><\/div>\n\n\n\n<div class=\"wp-block-button\"><a class=\"wp-block-button__link wp-element-button\" href=\"https:\/\/araujuzon.fr\/wp-content\/uploads\/2024\/04\/CR-Conseil-Municipal-13-Mail-2022.zip\">13 mai 2022<\/a><\/div>\n\n\n\n<div class=\"wp-block-button\"><a class=\"wp-block-button__link wp-element-button\" href=\"https:\/\/araujuzon.fr\/wp-content\/uploads\/2024\/04\/CR-Conseil-Municipal-29-septembre-2022.zip\">29 septembre 2022<\/a><\/div>\n\n\n\n<div class=\"wp-block-button\"><a class=\"wp-block-button__link wp-element-button\" href=\"https:\/\/araujuzon.fr\/wp-content\/uploads\/2024\/04\/CR-Conseil-Municipal-23-novembre-2022.zip\">23 novembre 2022<\/a><\/div>\n<\/div>\n<\/div>\n<\/div>\n","protected":false},"excerpt":{"rendered":"<p>Compte rendu 2025 Compte rendu 2024 (Cliquer pour t\u00e9l\u00e9charger) Compte rendu 2023 (Cliquer pour t\u00e9l\u00e9charger) Compte rendu 2022 (Cliquer pour t\u00e9l\u00e9charger)<\/p>\n","protected":false},"author":1,"featured_media":0,"parent":0,"menu_order":0,"comment_status":"closed","ping_status":"closed","template":"","meta":{"neve_meta_sidebar":"","neve_meta_container":"","neve_meta_enable_content_width":"","neve_meta_content_width":0,"neve_meta_title_alignment":"","neve_meta_author_avatar":"","neve_post_elements_order":"","neve_meta_disable_header":"","neve_meta_disable_footer":"","neve_meta_disable_title":"","_themeisle_gutenberg_block_has_review":false,"footnotes":""},"class_list":["post-373","page","type-page","status-publish","hentry"],"yoast_head":"<!-- This site is optimized with the Yoast SEO plugin v25.9 - https:\/\/yoast.com\/wordpress\/plugins\/seo\/ -->\n<title>Compte Rendu du Conseil - Mairie d&#039;Araujuzon<\/title>\n<meta name=\"robots\" content=\"index, follow, max-snippet:-1, max-image-preview:large, max-video-preview:-1\" \/>\n<link rel=\"canonical\" href=\"https:\/\/araujuzon.fr\/index.php\/compte-rendu-du-conseil\/\" \/>\n<meta property=\"og:locale\" content=\"fr_FR\" \/>\n<meta property=\"og:type\" content=\"article\" \/>\n<meta property=\"og:title\" content=\"Compte Rendu du Conseil - Mairie d&#039;Araujuzon\" \/>\n<meta property=\"og:description\" content=\"Compte rendu 2025 Compte rendu 2024 (Cliquer pour t\u00e9l\u00e9charger) Compte rendu 2023 (Cliquer pour t\u00e9l\u00e9charger) Compte rendu 2022 (Cliquer pour t\u00e9l\u00e9charger)\" \/>\n<meta property=\"og:url\" content=\"https:\/\/araujuzon.fr\/index.php\/compte-rendu-du-conseil\/\" \/>\n<meta property=\"og:site_name\" content=\"Mairie d&#039;Araujuzon\" \/>\n<meta property=\"article:modified_time\" content=\"2025-09-18T07:31:45+00:00\" \/>\n<meta name=\"twitter:card\" content=\"summary_large_image\" \/>\n<meta name=\"twitter:label1\" content=\"Dur\u00e9e de lecture estim\u00e9e\" \/>\n\t<meta name=\"twitter:data1\" content=\"1 minute\" \/>\n<script type=\"application\/ld+json\" class=\"yoast-schema-graph\">{\"@context\":\"https:\/\/schema.org\",\"@graph\":[{\"@type\":\"WebPage\",\"@id\":\"https:\/\/araujuzon.fr\/index.php\/compte-rendu-du-conseil\/\",\"url\":\"https:\/\/araujuzon.fr\/index.php\/compte-rendu-du-conseil\/\",\"name\":\"Compte Rendu du Conseil - Mairie d&#039;Araujuzon\",\"isPartOf\":{\"@id\":\"https:\/\/araujuzon.fr\/#website\"},\"datePublished\":\"2024-04-22T11:46:25+00:00\",\"dateModified\":\"2025-09-18T07:31:45+00:00\",\"breadcrumb\":{\"@id\":\"https:\/\/araujuzon.fr\/index.php\/compte-rendu-du-conseil\/#breadcrumb\"},\"inLanguage\":\"fr-FR\",\"potentialAction\":[{\"@type\":\"ReadAction\",\"target\":[\"https:\/\/araujuzon.fr\/index.php\/compte-rendu-du-conseil\/\"]}]},{\"@type\":\"BreadcrumbList\",\"@id\":\"https:\/\/araujuzon.fr\/index.php\/compte-rendu-du-conseil\/#breadcrumb\",\"itemListElement\":[{\"@type\":\"ListItem\",\"position\":1,\"name\":\"Accueil\",\"item\":\"https:\/\/araujuzon.fr\/\"},{\"@type\":\"ListItem\",\"position\":2,\"name\":\"Compte Rendu du Conseil\"}]},{\"@type\":\"WebSite\",\"@id\":\"https:\/\/araujuzon.fr\/#website\",\"url\":\"https:\/\/araujuzon.fr\/\",\"name\":\"Mairie d&#039;Araujuzon\",\"description\":\"entre montagnes et gaves\",\"publisher\":{\"@id\":\"https:\/\/araujuzon.fr\/#organization\"},\"potentialAction\":[{\"@type\":\"SearchAction\",\"target\":{\"@type\":\"EntryPoint\",\"urlTemplate\":\"https:\/\/araujuzon.fr\/?s={search_term_string}\"},\"query-input\":{\"@type\":\"PropertyValueSpecification\",\"valueRequired\":true,\"valueName\":\"search_term_string\"}}],\"inLanguage\":\"fr-FR\"},{\"@type\":\"Organization\",\"@id\":\"https:\/\/araujuzon.fr\/#organization\",\"name\":\"Mairie d&#039;Araujuzon\",\"url\":\"https:\/\/araujuzon.fr\/\",\"logo\":{\"@type\":\"ImageObject\",\"inLanguage\":\"fr-FR\",\"@id\":\"https:\/\/araujuzon.fr\/#\/schema\/logo\/image\/\",\"url\":\"https:\/\/araujuzon.fr\/wp-content\/uploads\/2020\/12\/web-agency-logo-3.png\",\"contentUrl\":\"https:\/\/araujuzon.fr\/wp-content\/uploads\/2020\/12\/web-agency-logo-3.png\",\"width\":200,\"height\":200,\"caption\":\"Mairie d&#039;Araujuzon\"},\"image\":{\"@id\":\"https:\/\/araujuzon.fr\/#\/schema\/logo\/image\/\"}}]}<\/script>\n<!-- \/ Yoast SEO plugin. -->","yoast_head_json":{"title":"Compte Rendu du Conseil - Mairie d&#039;Araujuzon","robots":{"index":"index","follow":"follow","max-snippet":"max-snippet:-1","max-image-preview":"max-image-preview:large","max-video-preview":"max-video-preview:-1"},"canonical":"https:\/\/araujuzon.fr\/index.php\/compte-rendu-du-conseil\/","og_locale":"fr_FR","og_type":"article","og_title":"Compte Rendu du Conseil - Mairie d&#039;Araujuzon","og_description":"Compte rendu 2025 Compte rendu 2024 (Cliquer pour t\u00e9l\u00e9charger) Compte rendu 2023 (Cliquer pour t\u00e9l\u00e9charger) Compte rendu 2022 (Cliquer pour t\u00e9l\u00e9charger)","og_url":"https:\/\/araujuzon.fr\/index.php\/compte-rendu-du-conseil\/","og_site_name":"Mairie d&#039;Araujuzon","article_modified_time":"2025-09-18T07:31:45+00:00","twitter_card":"summary_large_image","twitter_misc":{"Dur\u00e9e de lecture estim\u00e9e":"1 minute"},"schema":{"@context":"https:\/\/schema.org","@graph":[{"@type":"WebPage","@id":"https:\/\/araujuzon.fr\/index.php\/compte-rendu-du-conseil\/","url":"https:\/\/araujuzon.fr\/index.php\/compte-rendu-du-conseil\/","name":"Compte Rendu du Conseil - Mairie d&#039;Araujuzon","isPartOf":{"@id":"https:\/\/araujuzon.fr\/#website"},"datePublished":"2024-04-22T11:46:25+00:00","dateModified":"2025-09-18T07:31:45+00:00","breadcrumb":{"@id":"https:\/\/araujuzon.fr\/index.php\/compte-rendu-du-conseil\/#breadcrumb"},"inLanguage":"fr-FR","potentialAction":[{"@type":"ReadAction","target":["https:\/\/araujuzon.fr\/index.php\/compte-rendu-du-conseil\/"]}]},{"@type":"BreadcrumbList","@id":"https:\/\/araujuzon.fr\/index.php\/compte-rendu-du-conseil\/#breadcrumb","itemListElement":[{"@type":"ListItem","position":1,"name":"Accueil","item":"https:\/\/araujuzon.fr\/"},{"@type":"ListItem","position":2,"name":"Compte Rendu du Conseil"}]},{"@type":"WebSite","@id":"https:\/\/araujuzon.fr\/#website","url":"https:\/\/araujuzon.fr\/","name":"Mairie d&#039;Araujuzon","description":"entre montagnes et gaves","publisher":{"@id":"https:\/\/araujuzon.fr\/#organization"},"potentialAction":[{"@type":"SearchAction","target":{"@type":"EntryPoint","urlTemplate":"https:\/\/araujuzon.fr\/?s={search_term_string}"},"query-input":{"@type":"PropertyValueSpecification","valueRequired":true,"valueName":"search_term_string"}}],"inLanguage":"fr-FR"},{"@type":"Organization","@id":"https:\/\/araujuzon.fr\/#organization","name":"Mairie d&#039;Araujuzon","url":"https:\/\/araujuzon.fr\/","logo":{"@type":"ImageObject","inLanguage":"fr-FR","@id":"https:\/\/araujuzon.fr\/#\/schema\/logo\/image\/","url":"https:\/\/araujuzon.fr\/wp-content\/uploads\/2020\/12\/web-agency-logo-3.png","contentUrl":"https:\/\/araujuzon.fr\/wp-content\/uploads\/2020\/12\/web-agency-logo-3.png","width":200,"height":200,"caption":"Mairie d&#039;Araujuzon"},"image":{"@id":"https:\/\/araujuzon.fr\/#\/schema\/logo\/image\/"}}]}},"_links":{"self":[{"href":"https:\/\/araujuzon.fr\/index.php\/wp-json\/wp\/v2\/pages\/373","targetHints":{"allow":["GET"]}}],"collection":[{"href":"https:\/\/araujuzon.fr\/index.php\/wp-json\/wp\/v2\/pages"}],"about":[{"href":"https:\/\/araujuzon.fr\/index.php\/wp-json\/wp\/v2\/types\/page"}],"author":[{"embeddable":true,"href":"https:\/\/araujuzon.fr\/index.php\/wp-json\/wp\/v2\/users\/1"}],"replies":[{"embeddable":true,"href":"https:\/\/araujuzon.fr\/index.php\/wp-json\/wp\/v2\/comments?post=373"}],"version-history":[{"count":21,"href":"https:\/\/araujuzon.fr\/index.php\/wp-json\/wp\/v2\/pages\/373\/revisions"}],"predecessor-version":[{"id":938,"href":"https:\/\/araujuzon.fr\/index.php\/wp-json\/wp\/v2\/pages\/373\/revisions\/938"}],"wp:attachment":[{"href":"https:\/\/araujuzon.fr\/index.php\/wp-json\/wp\/v2\/media?parent=373"}],"curies":[{"name":"wp","href":"https:\/\/api.w.org\/{rel}","templated":true}]}}