{"id":379,"date":"2024-04-22T13:49:57","date_gmt":"2024-04-22T11:49:57","guid":{"rendered":"https:\/\/araujuzon.fr\/?page_id=379"},"modified":"2024-04-25T21:40:59","modified_gmt":"2024-04-25T19:40:59","slug":"decouvrir","status":"publish","type":"page","link":"https:\/\/araujuzon.fr\/index.php\/decouvrir\/","title":{"rendered":"D\u00e9couvrir"},"content":{"rendered":"\n<p>La commune d&rsquo;Araujuzon, situ\u00e9e dans le d\u00e9partement des Pyr\u00e9n\u00e9es-Atlantiques, en r\u00e9gion Nouvelle-Aquitaine, est un petit village pittoresque au charme authentique. <\/p>\n\n\n\n<p>Araujuzon se niche au c\u0153ur d&rsquo;un paysage verdoyant, entre les vall\u00e9es verdoyantes et les sommets majestueux des Pyr\u00e9n\u00e9es. Ce village rural, typique de la campagne b\u00e9arnaise, offre un havre de paix et de tranquillit\u00e9 \u00e0 ses habitants et aux visiteurs en qu\u00eate de s\u00e9r\u00e9nit\u00e9.<\/p>\n\n\n\n<p>Le patrimoine architectural d&rsquo;Araujuzon est riche en t\u00e9moignages de son histoire. Les maisons de pierre aux toits d&rsquo;ardoise, les anciennes fermes et les petites chapelles diss\u00e9min\u00e9es dans la campagne \u00e9voquent le pass\u00e9 rural de la commune. Au c\u0153ur du village, le pont d&rsquo;Araujuzon, datant du Moyen \u00c2ge, enjambe gracieusement le Lausset, rappelant l&rsquo;importance des voies de communication dans cette r\u00e9gion autrefois anim\u00e9e par le commerce.<\/p>\n\n\n\n<p>Les amoureux de la nature trouveront leur bonheur \u00e0 Araujuzon. Les collines environnantes offrent de magnifiques sentiers de randonn\u00e9e, o\u00f9 l&rsquo;on peut se promener en toute qui\u00e9tude \u00e0 travers des paysages pr\u00e9serv\u00e9s. Les rives du gave d&rsquo;Oloron sont \u00e9galement des lieux privil\u00e9gi\u00e9s pour se d\u00e9tendre au bord de l&rsquo;eau ou pour pratiquer la p\u00eache.<\/p>\n\n\n\n<p>Araujuzon est \u00e9galement un lieu de vie dynamique, o\u00f9 les traditions locales perdurent. Les f\u00eates villageoises,et les rencontres conviviales entre habitants contribuent \u00e0 maintenir un esprit communautaire fort et chaleureux.<\/p>\n\n\n\n<p>En r\u00e9sum\u00e9, Araujuzon est un petit joyau nich\u00e9 dans les Pyr\u00e9n\u00e9es-Atlantiques, o\u00f9 l&rsquo;histoire, la nature et la convivialit\u00e9 se rencontrent pour offrir une exp\u00e9rience authentique et inoubliable aux visiteurs.<\/p>\n","protected":false},"excerpt":{"rendered":"<p>La commune d&rsquo;Araujuzon, situ\u00e9e dans le d\u00e9partement des Pyr\u00e9n\u00e9es-Atlantiques, en r\u00e9gion Nouvelle-Aquitaine, est un petit village pittoresque au charme authentique. Araujuzon se niche au c\u0153ur d&rsquo;un paysage verdoyant, entre les vall\u00e9es verdoyantes et les sommets majestueux des Pyr\u00e9n\u00e9es. Ce village rural, typique de la campagne b\u00e9arnaise, offre un havre de paix et de tranquillit\u00e9 \u00e0&hellip;&nbsp;<a href=\"https:\/\/araujuzon.fr\/index.php\/decouvrir\/\" rel=\"bookmark\">Lire la suite &raquo;<span class=\"screen-reader-text\">D\u00e9couvrir<\/span><\/a><\/p>\n","protected":false},"author":1,"featured_media":0,"parent":0,"menu_order":0,"comment_status":"closed","ping_status":"closed","template":"","meta":{"neve_meta_sidebar":"","neve_meta_container":"","neve_meta_enable_content_width":"","neve_meta_content_width":0,"neve_meta_title_alignment":"","neve_meta_author_avatar":"","neve_post_elements_order":"","neve_meta_disable_header":"","neve_meta_disable_footer":"","neve_meta_disable_title":"","_themeisle_gutenberg_block_has_review":false,"footnotes":""},"class_list":["post-379","page","type-page","status-publish","hentry"],"yoast_head":"<!-- This site is optimized with the Yoast SEO plugin v25.9 - https:\/\/yoast.com\/wordpress\/plugins\/seo\/ -->\n<title>D\u00e9couvrir - Mairie d&#039;Araujuzon<\/title>\n<meta name=\"robots\" content=\"index, follow, max-snippet:-1, max-image-preview:large, max-video-preview:-1\" \/>\n<link rel=\"canonical\" href=\"https:\/\/araujuzon.fr\/index.php\/decouvrir\/\" \/>\n<meta property=\"og:locale\" content=\"fr_FR\" \/>\n<meta property=\"og:type\" content=\"article\" \/>\n<meta property=\"og:title\" content=\"D\u00e9couvrir - Mairie d&#039;Araujuzon\" \/>\n<meta property=\"og:description\" content=\"La commune d&rsquo;Araujuzon, situ\u00e9e dans le d\u00e9partement des Pyr\u00e9n\u00e9es-Atlantiques, en r\u00e9gion Nouvelle-Aquitaine, est un petit village pittoresque au charme authentique. Araujuzon se niche au c\u0153ur d&rsquo;un paysage verdoyant, entre les vall\u00e9es verdoyantes et les sommets majestueux des Pyr\u00e9n\u00e9es. Ce village rural, typique de la campagne b\u00e9arnaise, offre un havre de paix et de tranquillit\u00e9 \u00e0&hellip;&nbsp;Lire la suite &raquo;D\u00e9couvrir\" \/>\n<meta property=\"og:url\" content=\"https:\/\/araujuzon.fr\/index.php\/decouvrir\/\" \/>\n<meta property=\"og:site_name\" content=\"Mairie d&#039;Araujuzon\" \/>\n<meta property=\"article:modified_time\" content=\"2024-04-25T19:40:59+00:00\" \/>\n<meta name=\"twitter:card\" content=\"summary_large_image\" \/>\n<meta name=\"twitter:label1\" content=\"Dur\u00e9e de lecture estim\u00e9e\" \/>\n\t<meta name=\"twitter:data1\" content=\"1 minute\" \/>\n<script type=\"application\/ld+json\" class=\"yoast-schema-graph\">{\"@context\":\"https:\/\/schema.org\",\"@graph\":[{\"@type\":\"WebPage\",\"@id\":\"https:\/\/araujuzon.fr\/index.php\/decouvrir\/\",\"url\":\"https:\/\/araujuzon.fr\/index.php\/decouvrir\/\",\"name\":\"D\u00e9couvrir - Mairie d&#039;Araujuzon\",\"isPartOf\":{\"@id\":\"https:\/\/araujuzon.fr\/#website\"},\"datePublished\":\"2024-04-22T11:49:57+00:00\",\"dateModified\":\"2024-04-25T19:40:59+00:00\",\"breadcrumb\":{\"@id\":\"https:\/\/araujuzon.fr\/index.php\/decouvrir\/#breadcrumb\"},\"inLanguage\":\"fr-FR\",\"potentialAction\":[{\"@type\":\"ReadAction\",\"target\":[\"https:\/\/araujuzon.fr\/index.php\/decouvrir\/\"]}]},{\"@type\":\"BreadcrumbList\",\"@id\":\"https:\/\/araujuzon.fr\/index.php\/decouvrir\/#breadcrumb\",\"itemListElement\":[{\"@type\":\"ListItem\",\"position\":1,\"name\":\"Accueil\",\"item\":\"https:\/\/araujuzon.fr\/\"},{\"@type\":\"ListItem\",\"position\":2,\"name\":\"D\u00e9couvrir\"}]},{\"@type\":\"WebSite\",\"@id\":\"https:\/\/araujuzon.fr\/#website\",\"url\":\"https:\/\/araujuzon.fr\/\",\"name\":\"Mairie d&#039;Araujuzon\",\"description\":\"entre montagnes et gaves\",\"publisher\":{\"@id\":\"https:\/\/araujuzon.fr\/#organization\"},\"potentialAction\":[{\"@type\":\"SearchAction\",\"target\":{\"@type\":\"EntryPoint\",\"urlTemplate\":\"https:\/\/araujuzon.fr\/?s={search_term_string}\"},\"query-input\":{\"@type\":\"PropertyValueSpecification\",\"valueRequired\":true,\"valueName\":\"search_term_string\"}}],\"inLanguage\":\"fr-FR\"},{\"@type\":\"Organization\",\"@id\":\"https:\/\/araujuzon.fr\/#organization\",\"name\":\"Mairie d&#039;Araujuzon\",\"url\":\"https:\/\/araujuzon.fr\/\",\"logo\":{\"@type\":\"ImageObject\",\"inLanguage\":\"fr-FR\",\"@id\":\"https:\/\/araujuzon.fr\/#\/schema\/logo\/image\/\",\"url\":\"https:\/\/araujuzon.fr\/wp-content\/uploads\/2020\/12\/web-agency-logo-3.png\",\"contentUrl\":\"https:\/\/araujuzon.fr\/wp-content\/uploads\/2020\/12\/web-agency-logo-3.png\",\"width\":200,\"height\":200,\"caption\":\"Mairie d&#039;Araujuzon\"},\"image\":{\"@id\":\"https:\/\/araujuzon.fr\/#\/schema\/logo\/image\/\"}}]}<\/script>\n<!-- \/ Yoast SEO plugin. -->","yoast_head_json":{"title":"D\u00e9couvrir - Mairie d&#039;Araujuzon","robots":{"index":"index","follow":"follow","max-snippet":"max-snippet:-1","max-image-preview":"max-image-preview:large","max-video-preview":"max-video-preview:-1"},"canonical":"https:\/\/araujuzon.fr\/index.php\/decouvrir\/","og_locale":"fr_FR","og_type":"article","og_title":"D\u00e9couvrir - Mairie d&#039;Araujuzon","og_description":"La commune d&rsquo;Araujuzon, situ\u00e9e dans le d\u00e9partement des Pyr\u00e9n\u00e9es-Atlantiques, en r\u00e9gion Nouvelle-Aquitaine, est un petit village pittoresque au charme authentique. Araujuzon se niche au c\u0153ur d&rsquo;un paysage verdoyant, entre les vall\u00e9es verdoyantes et les sommets majestueux des Pyr\u00e9n\u00e9es. Ce village rural, typique de la campagne b\u00e9arnaise, offre un havre de paix et de tranquillit\u00e9 \u00e0&hellip;&nbsp;Lire la suite &raquo;D\u00e9couvrir","og_url":"https:\/\/araujuzon.fr\/index.php\/decouvrir\/","og_site_name":"Mairie d&#039;Araujuzon","article_modified_time":"2024-04-25T19:40:59+00:00","twitter_card":"summary_large_image","twitter_misc":{"Dur\u00e9e de lecture estim\u00e9e":"1 minute"},"schema":{"@context":"https:\/\/schema.org","@graph":[{"@type":"WebPage","@id":"https:\/\/araujuzon.fr\/index.php\/decouvrir\/","url":"https:\/\/araujuzon.fr\/index.php\/decouvrir\/","name":"D\u00e9couvrir - Mairie d&#039;Araujuzon","isPartOf":{"@id":"https:\/\/araujuzon.fr\/#website"},"datePublished":"2024-04-22T11:49:57+00:00","dateModified":"2024-04-25T19:40:59+00:00","breadcrumb":{"@id":"https:\/\/araujuzon.fr\/index.php\/decouvrir\/#breadcrumb"},"inLanguage":"fr-FR","potentialAction":[{"@type":"ReadAction","target":["https:\/\/araujuzon.fr\/index.php\/decouvrir\/"]}]},{"@type":"BreadcrumbList","@id":"https:\/\/araujuzon.fr\/index.php\/decouvrir\/#breadcrumb","itemListElement":[{"@type":"ListItem","position":1,"name":"Accueil","item":"https:\/\/araujuzon.fr\/"},{"@type":"ListItem","position":2,"name":"D\u00e9couvrir"}]},{"@type":"WebSite","@id":"https:\/\/araujuzon.fr\/#website","url":"https:\/\/araujuzon.fr\/","name":"Mairie d&#039;Araujuzon","description":"entre montagnes et gaves","publisher":{"@id":"https:\/\/araujuzon.fr\/#organization"},"potentialAction":[{"@type":"SearchAction","target":{"@type":"EntryPoint","urlTemplate":"https:\/\/araujuzon.fr\/?s={search_term_string}"},"query-input":{"@type":"PropertyValueSpecification","valueRequired":true,"valueName":"search_term_string"}}],"inLanguage":"fr-FR"},{"@type":"Organization","@id":"https:\/\/araujuzon.fr\/#organization","name":"Mairie d&#039;Araujuzon","url":"https:\/\/araujuzon.fr\/","logo":{"@type":"ImageObject","inLanguage":"fr-FR","@id":"https:\/\/araujuzon.fr\/#\/schema\/logo\/image\/","url":"https:\/\/araujuzon.fr\/wp-content\/uploads\/2020\/12\/web-agency-logo-3.png","contentUrl":"https:\/\/araujuzon.fr\/wp-content\/uploads\/2020\/12\/web-agency-logo-3.png","width":200,"height":200,"caption":"Mairie d&#039;Araujuzon"},"image":{"@id":"https:\/\/araujuzon.fr\/#\/schema\/logo\/image\/"}}]}},"_links":{"self":[{"href":"https:\/\/araujuzon.fr\/index.php\/wp-json\/wp\/v2\/pages\/379","targetHints":{"allow":["GET"]}}],"collection":[{"href":"https:\/\/araujuzon.fr\/index.php\/wp-json\/wp\/v2\/pages"}],"about":[{"href":"https:\/\/araujuzon.fr\/index.php\/wp-json\/wp\/v2\/types\/page"}],"author":[{"embeddable":true,"href":"https:\/\/araujuzon.fr\/index.php\/wp-json\/wp\/v2\/users\/1"}],"replies":[{"embeddable":true,"href":"https:\/\/araujuzon.fr\/index.php\/wp-json\/wp\/v2\/comments?post=379"}],"version-history":[{"count":2,"href":"https:\/\/araujuzon.fr\/index.php\/wp-json\/wp\/v2\/pages\/379\/revisions"}],"predecessor-version":[{"id":550,"href":"https:\/\/araujuzon.fr\/index.php\/wp-json\/wp\/v2\/pages\/379\/revisions\/550"}],"wp:attachment":[{"href":"https:\/\/araujuzon.fr\/index.php\/wp-json\/wp\/v2\/media?parent=379"}],"curies":[{"name":"wp","href":"https:\/\/api.w.org\/{rel}","templated":true}]}}