{"id":381,"date":"2024-04-22T13:51:49","date_gmt":"2024-04-22T11:51:49","guid":{"rendered":"https:\/\/araujuzon.fr\/?page_id=381"},"modified":"2024-04-25T21:47:28","modified_gmt":"2024-04-25T19:47:28","slug":"gites-hebergements","status":"publish","type":"page","link":"https:\/\/araujuzon.fr\/index.php\/gites-hebergements\/","title":{"rendered":"Gites &amp; H\u00e9bergements"},"content":{"rendered":"\n<p>La maison PAUL<\/p>\n\n\n\n<p>Prestigieuse maison, situ\u00e9e sur les hauteurs du village. Lou\u00e9e \u00e0 la semaine. Consulter le site&nbsp;: <a href=\"https:\/\/lamaisonpaul.com\/\">https:\/\/lamaisonpaul.com\/<\/a><\/p>\n\n\n\n<p>Nombreuses chambres d\u2019h\u00f4tes et g\u00eetes autour d\u2019Araujuzon. Consultez le site de l\u2019Office de Tourisme\u00a0: <a href=\"https:\/\/www.tourisme-bearn-gaves.com\/\">https:\/\/www.tourisme-bearn-gaves.com\/<\/a><\/p>\n","protected":false},"excerpt":{"rendered":"<p>La maison PAUL Prestigieuse maison, situ\u00e9e sur les hauteurs du village. Lou\u00e9e \u00e0 la semaine. Consulter le site&nbsp;: https:\/\/lamaisonpaul.com\/ Nombreuses chambres d\u2019h\u00f4tes et g\u00eetes autour d\u2019Araujuzon. Consultez le site de l\u2019Office de Tourisme\u00a0: https:\/\/www.tourisme-bearn-gaves.com\/<\/p>\n","protected":false},"author":1,"featured_media":0,"parent":0,"menu_order":0,"comment_status":"closed","ping_status":"closed","template":"","meta":{"neve_meta_sidebar":"","neve_meta_container":"","neve_meta_enable_content_width":"","neve_meta_content_width":0,"neve_meta_title_alignment":"","neve_meta_author_avatar":"","neve_post_elements_order":"","neve_meta_disable_header":"","neve_meta_disable_footer":"","neve_meta_disable_title":"","_themeisle_gutenberg_block_has_review":false,"footnotes":""},"class_list":["post-381","page","type-page","status-publish","hentry"],"yoast_head":"<!-- This site is optimized with the Yoast SEO plugin v25.9 - https:\/\/yoast.com\/wordpress\/plugins\/seo\/ -->\n<title>Gites &amp; H\u00e9bergements - Mairie d&#039;Araujuzon<\/title>\n<meta name=\"robots\" content=\"index, follow, max-snippet:-1, max-image-preview:large, max-video-preview:-1\" \/>\n<link rel=\"canonical\" href=\"https:\/\/araujuzon.fr\/index.php\/gites-hebergements\/\" \/>\n<meta property=\"og:locale\" content=\"fr_FR\" \/>\n<meta property=\"og:type\" content=\"article\" \/>\n<meta property=\"og:title\" content=\"Gites &amp; H\u00e9bergements - Mairie d&#039;Araujuzon\" \/>\n<meta property=\"og:description\" content=\"La maison PAUL Prestigieuse maison, situ\u00e9e sur les hauteurs du village. Lou\u00e9e \u00e0 la semaine. Consulter le site&nbsp;: https:\/\/lamaisonpaul.com\/ Nombreuses chambres d\u2019h\u00f4tes et g\u00eetes autour d\u2019Araujuzon. Consultez le site de l\u2019Office de Tourisme\u00a0: https:\/\/www.tourisme-bearn-gaves.com\/\" \/>\n<meta property=\"og:url\" content=\"https:\/\/araujuzon.fr\/index.php\/gites-hebergements\/\" \/>\n<meta property=\"og:site_name\" content=\"Mairie d&#039;Araujuzon\" \/>\n<meta property=\"article:modified_time\" content=\"2024-04-25T19:47:28+00:00\" \/>\n<meta name=\"twitter:card\" content=\"summary_large_image\" \/>\n<script type=\"application\/ld+json\" class=\"yoast-schema-graph\">{\"@context\":\"https:\/\/schema.org\",\"@graph\":[{\"@type\":\"WebPage\",\"@id\":\"https:\/\/araujuzon.fr\/index.php\/gites-hebergements\/\",\"url\":\"https:\/\/araujuzon.fr\/index.php\/gites-hebergements\/\",\"name\":\"Gites &amp; H\u00e9bergements - Mairie d&#039;Araujuzon\",\"isPartOf\":{\"@id\":\"https:\/\/araujuzon.fr\/#website\"},\"datePublished\":\"2024-04-22T11:51:49+00:00\",\"dateModified\":\"2024-04-25T19:47:28+00:00\",\"breadcrumb\":{\"@id\":\"https:\/\/araujuzon.fr\/index.php\/gites-hebergements\/#breadcrumb\"},\"inLanguage\":\"fr-FR\",\"potentialAction\":[{\"@type\":\"ReadAction\",\"target\":[\"https:\/\/araujuzon.fr\/index.php\/gites-hebergements\/\"]}]},{\"@type\":\"BreadcrumbList\",\"@id\":\"https:\/\/araujuzon.fr\/index.php\/gites-hebergements\/#breadcrumb\",\"itemListElement\":[{\"@type\":\"ListItem\",\"position\":1,\"name\":\"Accueil\",\"item\":\"https:\/\/araujuzon.fr\/\"},{\"@type\":\"ListItem\",\"position\":2,\"name\":\"Gites &amp; H\u00e9bergements\"}]},{\"@type\":\"WebSite\",\"@id\":\"https:\/\/araujuzon.fr\/#website\",\"url\":\"https:\/\/araujuzon.fr\/\",\"name\":\"Mairie d&#039;Araujuzon\",\"description\":\"entre montagnes et gaves\",\"publisher\":{\"@id\":\"https:\/\/araujuzon.fr\/#organization\"},\"potentialAction\":[{\"@type\":\"SearchAction\",\"target\":{\"@type\":\"EntryPoint\",\"urlTemplate\":\"https:\/\/araujuzon.fr\/?s={search_term_string}\"},\"query-input\":{\"@type\":\"PropertyValueSpecification\",\"valueRequired\":true,\"valueName\":\"search_term_string\"}}],\"inLanguage\":\"fr-FR\"},{\"@type\":\"Organization\",\"@id\":\"https:\/\/araujuzon.fr\/#organization\",\"name\":\"Mairie d&#039;Araujuzon\",\"url\":\"https:\/\/araujuzon.fr\/\",\"logo\":{\"@type\":\"ImageObject\",\"inLanguage\":\"fr-FR\",\"@id\":\"https:\/\/araujuzon.fr\/#\/schema\/logo\/image\/\",\"url\":\"https:\/\/araujuzon.fr\/wp-content\/uploads\/2020\/12\/web-agency-logo-3.png\",\"contentUrl\":\"https:\/\/araujuzon.fr\/wp-content\/uploads\/2020\/12\/web-agency-logo-3.png\",\"width\":200,\"height\":200,\"caption\":\"Mairie d&#039;Araujuzon\"},\"image\":{\"@id\":\"https:\/\/araujuzon.fr\/#\/schema\/logo\/image\/\"}}]}<\/script>\n<!-- \/ Yoast SEO plugin. -->","yoast_head_json":{"title":"Gites &amp; H\u00e9bergements - Mairie d&#039;Araujuzon","robots":{"index":"index","follow":"follow","max-snippet":"max-snippet:-1","max-image-preview":"max-image-preview:large","max-video-preview":"max-video-preview:-1"},"canonical":"https:\/\/araujuzon.fr\/index.php\/gites-hebergements\/","og_locale":"fr_FR","og_type":"article","og_title":"Gites &amp; H\u00e9bergements - Mairie d&#039;Araujuzon","og_description":"La maison PAUL Prestigieuse maison, situ\u00e9e sur les hauteurs du village. Lou\u00e9e \u00e0 la semaine. Consulter le site&nbsp;: https:\/\/lamaisonpaul.com\/ Nombreuses chambres d\u2019h\u00f4tes et g\u00eetes autour d\u2019Araujuzon. Consultez le site de l\u2019Office de Tourisme\u00a0: https:\/\/www.tourisme-bearn-gaves.com\/","og_url":"https:\/\/araujuzon.fr\/index.php\/gites-hebergements\/","og_site_name":"Mairie d&#039;Araujuzon","article_modified_time":"2024-04-25T19:47:28+00:00","twitter_card":"summary_large_image","schema":{"@context":"https:\/\/schema.org","@graph":[{"@type":"WebPage","@id":"https:\/\/araujuzon.fr\/index.php\/gites-hebergements\/","url":"https:\/\/araujuzon.fr\/index.php\/gites-hebergements\/","name":"Gites &amp; H\u00e9bergements - Mairie d&#039;Araujuzon","isPartOf":{"@id":"https:\/\/araujuzon.fr\/#website"},"datePublished":"2024-04-22T11:51:49+00:00","dateModified":"2024-04-25T19:47:28+00:00","breadcrumb":{"@id":"https:\/\/araujuzon.fr\/index.php\/gites-hebergements\/#breadcrumb"},"inLanguage":"fr-FR","potentialAction":[{"@type":"ReadAction","target":["https:\/\/araujuzon.fr\/index.php\/gites-hebergements\/"]}]},{"@type":"BreadcrumbList","@id":"https:\/\/araujuzon.fr\/index.php\/gites-hebergements\/#breadcrumb","itemListElement":[{"@type":"ListItem","position":1,"name":"Accueil","item":"https:\/\/araujuzon.fr\/"},{"@type":"ListItem","position":2,"name":"Gites &amp; H\u00e9bergements"}]},{"@type":"WebSite","@id":"https:\/\/araujuzon.fr\/#website","url":"https:\/\/araujuzon.fr\/","name":"Mairie d&#039;Araujuzon","description":"entre montagnes et gaves","publisher":{"@id":"https:\/\/araujuzon.fr\/#organization"},"potentialAction":[{"@type":"SearchAction","target":{"@type":"EntryPoint","urlTemplate":"https:\/\/araujuzon.fr\/?s={search_term_string}"},"query-input":{"@type":"PropertyValueSpecification","valueRequired":true,"valueName":"search_term_string"}}],"inLanguage":"fr-FR"},{"@type":"Organization","@id":"https:\/\/araujuzon.fr\/#organization","name":"Mairie d&#039;Araujuzon","url":"https:\/\/araujuzon.fr\/","logo":{"@type":"ImageObject","inLanguage":"fr-FR","@id":"https:\/\/araujuzon.fr\/#\/schema\/logo\/image\/","url":"https:\/\/araujuzon.fr\/wp-content\/uploads\/2020\/12\/web-agency-logo-3.png","contentUrl":"https:\/\/araujuzon.fr\/wp-content\/uploads\/2020\/12\/web-agency-logo-3.png","width":200,"height":200,"caption":"Mairie d&#039;Araujuzon"},"image":{"@id":"https:\/\/araujuzon.fr\/#\/schema\/logo\/image\/"}}]}},"_links":{"self":[{"href":"https:\/\/araujuzon.fr\/index.php\/wp-json\/wp\/v2\/pages\/381","targetHints":{"allow":["GET"]}}],"collection":[{"href":"https:\/\/araujuzon.fr\/index.php\/wp-json\/wp\/v2\/pages"}],"about":[{"href":"https:\/\/araujuzon.fr\/index.php\/wp-json\/wp\/v2\/types\/page"}],"author":[{"embeddable":true,"href":"https:\/\/araujuzon.fr\/index.php\/wp-json\/wp\/v2\/users\/1"}],"replies":[{"embeddable":true,"href":"https:\/\/araujuzon.fr\/index.php\/wp-json\/wp\/v2\/comments?post=381"}],"version-history":[{"count":2,"href":"https:\/\/araujuzon.fr\/index.php\/wp-json\/wp\/v2\/pages\/381\/revisions"}],"predecessor-version":[{"id":551,"href":"https:\/\/araujuzon.fr\/index.php\/wp-json\/wp\/v2\/pages\/381\/revisions\/551"}],"wp:attachment":[{"href":"https:\/\/araujuzon.fr\/index.php\/wp-json\/wp\/v2\/media?parent=381"}],"curies":[{"name":"wp","href":"https:\/\/api.w.org\/{rel}","templated":true}]}}