{"id":411,"date":"2024-04-22T14:14:49","date_gmt":"2024-04-22T12:14:49","guid":{"rendered":"https:\/\/araujuzon.fr\/?page_id=411"},"modified":"2024-11-15T15:42:26","modified_gmt":"2024-11-15T14:42:26","slug":"salle-communale-cantine","status":"publish","type":"page","link":"https:\/\/araujuzon.fr\/index.php\/salle-communale-cantine\/","title":{"rendered":"Salle communale &amp; cantine"},"content":{"rendered":"\n<h3 class=\"wp-block-heading\"><strong>Salle polyvalente<\/strong><\/h3>\n\n\n\n<p>La commune dispose d\u2019une salle polyvalente sise rue du Gave. Elle est \u00e9quip\u00e9e d\u2019un bar, mais n\u2019est pas ferm\u00e9e. Elle peut \u00eatre utilis\u00e9e pour des activit\u00e9s sportives (Pala, basquet, ..).<\/p>\n\n\n\n<p>Son utilisation est soumise \u00e0 autorisation de la Mairie.<\/p>\n\n\n\n<p><strong>L\u2019utilisation de la salle est soumise aux r\u00e8gles de bon usage, \u00e0 savoir pas de nuisances sonores exag\u00e9r\u00e9es qui perturberaient le voisinage.<\/strong><\/p>\n\n\n\n<h3 class=\"wp-block-heading\"><strong>Cantine<\/strong><\/h3>\n\n\n\n<p>La cantine peut \u00eatre aussi utilis\u00e9e pour organiser des r\u00e9ceptions priv\u00e9es. Toutefois, cela n\u2019est possible que le Week End ou en p\u00e9riode de vacances scolaires. La cantine, est propos\u00e9e \u00e0 la location (s\u2019adresser \u00e0 la mairie). Pour les habitants d\u2019Araujuzon, le tarif est de 30\u20ac pour la salle plus \u00e9ventuellement 20\u20ac pour la vaisselle. Les personnes ext\u00e9rieures \u00e0 la commune devront s&rsquo;acquitter de 100\u20ac pour la salle et 20\u20ac pour la vaisselle. Une caution de 400\u20ac est demand\u00e9e pour toute location.<\/p>\n","protected":false},"excerpt":{"rendered":"<p>Salle polyvalente La commune dispose d\u2019une salle polyvalente sise rue du Gave. Elle est \u00e9quip\u00e9e d\u2019un bar, mais n\u2019est pas ferm\u00e9e. Elle peut \u00eatre utilis\u00e9e pour des activit\u00e9s sportives (Pala, basquet, ..). Son utilisation est soumise \u00e0 autorisation de la Mairie. L\u2019utilisation de la salle est soumise aux r\u00e8gles de bon usage, \u00e0 savoir pas&hellip;&nbsp;<a href=\"https:\/\/araujuzon.fr\/index.php\/salle-communale-cantine\/\" rel=\"bookmark\">Lire la suite &raquo;<span class=\"screen-reader-text\">Salle communale &amp; cantine<\/span><\/a><\/p>\n","protected":false},"author":1,"featured_media":0,"parent":0,"menu_order":0,"comment_status":"closed","ping_status":"closed","template":"","meta":{"neve_meta_sidebar":"","neve_meta_container":"","neve_meta_enable_content_width":"","neve_meta_content_width":0,"neve_meta_title_alignment":"","neve_meta_author_avatar":"","neve_post_elements_order":"","neve_meta_disable_header":"","neve_meta_disable_footer":"","neve_meta_disable_title":"","_themeisle_gutenberg_block_has_review":false,"footnotes":""},"class_list":["post-411","page","type-page","status-publish","hentry"],"yoast_head":"<!-- This site is optimized with the Yoast SEO plugin v25.9 - https:\/\/yoast.com\/wordpress\/plugins\/seo\/ -->\n<title>Salle communale &amp; cantine - Mairie d&#039;Araujuzon<\/title>\n<meta name=\"robots\" content=\"index, follow, max-snippet:-1, max-image-preview:large, max-video-preview:-1\" \/>\n<link rel=\"canonical\" href=\"https:\/\/araujuzon.fr\/index.php\/salle-communale-cantine\/\" \/>\n<meta property=\"og:locale\" content=\"fr_FR\" \/>\n<meta property=\"og:type\" content=\"article\" \/>\n<meta property=\"og:title\" content=\"Salle communale &amp; cantine - Mairie d&#039;Araujuzon\" \/>\n<meta property=\"og:description\" content=\"Salle polyvalente La commune dispose d\u2019une salle polyvalente sise rue du Gave. Elle est \u00e9quip\u00e9e d\u2019un bar, mais n\u2019est pas ferm\u00e9e. Elle peut \u00eatre utilis\u00e9e pour des activit\u00e9s sportives (Pala, basquet, ..). Son utilisation est soumise \u00e0 autorisation de la Mairie. L\u2019utilisation de la salle est soumise aux r\u00e8gles de bon usage, \u00e0 savoir pas&hellip;&nbsp;Lire la suite &raquo;Salle communale &amp; cantine\" \/>\n<meta property=\"og:url\" content=\"https:\/\/araujuzon.fr\/index.php\/salle-communale-cantine\/\" \/>\n<meta property=\"og:site_name\" content=\"Mairie d&#039;Araujuzon\" \/>\n<meta property=\"article:modified_time\" content=\"2024-11-15T14:42:26+00:00\" \/>\n<meta name=\"twitter:card\" content=\"summary_large_image\" \/>\n<meta name=\"twitter:label1\" content=\"Dur\u00e9e de lecture estim\u00e9e\" \/>\n\t<meta name=\"twitter:data1\" content=\"1 minute\" \/>\n<script type=\"application\/ld+json\" class=\"yoast-schema-graph\">{\"@context\":\"https:\/\/schema.org\",\"@graph\":[{\"@type\":\"WebPage\",\"@id\":\"https:\/\/araujuzon.fr\/index.php\/salle-communale-cantine\/\",\"url\":\"https:\/\/araujuzon.fr\/index.php\/salle-communale-cantine\/\",\"name\":\"Salle communale &amp; cantine - Mairie d&#039;Araujuzon\",\"isPartOf\":{\"@id\":\"https:\/\/araujuzon.fr\/#website\"},\"datePublished\":\"2024-04-22T12:14:49+00:00\",\"dateModified\":\"2024-11-15T14:42:26+00:00\",\"breadcrumb\":{\"@id\":\"https:\/\/araujuzon.fr\/index.php\/salle-communale-cantine\/#breadcrumb\"},\"inLanguage\":\"fr-FR\",\"potentialAction\":[{\"@type\":\"ReadAction\",\"target\":[\"https:\/\/araujuzon.fr\/index.php\/salle-communale-cantine\/\"]}]},{\"@type\":\"BreadcrumbList\",\"@id\":\"https:\/\/araujuzon.fr\/index.php\/salle-communale-cantine\/#breadcrumb\",\"itemListElement\":[{\"@type\":\"ListItem\",\"position\":1,\"name\":\"Accueil\",\"item\":\"https:\/\/araujuzon.fr\/\"},{\"@type\":\"ListItem\",\"position\":2,\"name\":\"Salle communale &amp; cantine\"}]},{\"@type\":\"WebSite\",\"@id\":\"https:\/\/araujuzon.fr\/#website\",\"url\":\"https:\/\/araujuzon.fr\/\",\"name\":\"Mairie d&#039;Araujuzon\",\"description\":\"entre montagnes et gaves\",\"publisher\":{\"@id\":\"https:\/\/araujuzon.fr\/#organization\"},\"potentialAction\":[{\"@type\":\"SearchAction\",\"target\":{\"@type\":\"EntryPoint\",\"urlTemplate\":\"https:\/\/araujuzon.fr\/?s={search_term_string}\"},\"query-input\":{\"@type\":\"PropertyValueSpecification\",\"valueRequired\":true,\"valueName\":\"search_term_string\"}}],\"inLanguage\":\"fr-FR\"},{\"@type\":\"Organization\",\"@id\":\"https:\/\/araujuzon.fr\/#organization\",\"name\":\"Mairie d&#039;Araujuzon\",\"url\":\"https:\/\/araujuzon.fr\/\",\"logo\":{\"@type\":\"ImageObject\",\"inLanguage\":\"fr-FR\",\"@id\":\"https:\/\/araujuzon.fr\/#\/schema\/logo\/image\/\",\"url\":\"https:\/\/araujuzon.fr\/wp-content\/uploads\/2020\/12\/web-agency-logo-3.png\",\"contentUrl\":\"https:\/\/araujuzon.fr\/wp-content\/uploads\/2020\/12\/web-agency-logo-3.png\",\"width\":200,\"height\":200,\"caption\":\"Mairie d&#039;Araujuzon\"},\"image\":{\"@id\":\"https:\/\/araujuzon.fr\/#\/schema\/logo\/image\/\"}}]}<\/script>\n<!-- \/ Yoast SEO plugin. -->","yoast_head_json":{"title":"Salle communale &amp; cantine - Mairie d&#039;Araujuzon","robots":{"index":"index","follow":"follow","max-snippet":"max-snippet:-1","max-image-preview":"max-image-preview:large","max-video-preview":"max-video-preview:-1"},"canonical":"https:\/\/araujuzon.fr\/index.php\/salle-communale-cantine\/","og_locale":"fr_FR","og_type":"article","og_title":"Salle communale &amp; cantine - Mairie d&#039;Araujuzon","og_description":"Salle polyvalente La commune dispose d\u2019une salle polyvalente sise rue du Gave. Elle est \u00e9quip\u00e9e d\u2019un bar, mais n\u2019est pas ferm\u00e9e. Elle peut \u00eatre utilis\u00e9e pour des activit\u00e9s sportives (Pala, basquet, ..). Son utilisation est soumise \u00e0 autorisation de la Mairie. L\u2019utilisation de la salle est soumise aux r\u00e8gles de bon usage, \u00e0 savoir pas&hellip;&nbsp;Lire la suite &raquo;Salle communale &amp; cantine","og_url":"https:\/\/araujuzon.fr\/index.php\/salle-communale-cantine\/","og_site_name":"Mairie d&#039;Araujuzon","article_modified_time":"2024-11-15T14:42:26+00:00","twitter_card":"summary_large_image","twitter_misc":{"Dur\u00e9e de lecture estim\u00e9e":"1 minute"},"schema":{"@context":"https:\/\/schema.org","@graph":[{"@type":"WebPage","@id":"https:\/\/araujuzon.fr\/index.php\/salle-communale-cantine\/","url":"https:\/\/araujuzon.fr\/index.php\/salle-communale-cantine\/","name":"Salle communale &amp; cantine - Mairie d&#039;Araujuzon","isPartOf":{"@id":"https:\/\/araujuzon.fr\/#website"},"datePublished":"2024-04-22T12:14:49+00:00","dateModified":"2024-11-15T14:42:26+00:00","breadcrumb":{"@id":"https:\/\/araujuzon.fr\/index.php\/salle-communale-cantine\/#breadcrumb"},"inLanguage":"fr-FR","potentialAction":[{"@type":"ReadAction","target":["https:\/\/araujuzon.fr\/index.php\/salle-communale-cantine\/"]}]},{"@type":"BreadcrumbList","@id":"https:\/\/araujuzon.fr\/index.php\/salle-communale-cantine\/#breadcrumb","itemListElement":[{"@type":"ListItem","position":1,"name":"Accueil","item":"https:\/\/araujuzon.fr\/"},{"@type":"ListItem","position":2,"name":"Salle communale &amp; cantine"}]},{"@type":"WebSite","@id":"https:\/\/araujuzon.fr\/#website","url":"https:\/\/araujuzon.fr\/","name":"Mairie d&#039;Araujuzon","description":"entre montagnes et gaves","publisher":{"@id":"https:\/\/araujuzon.fr\/#organization"},"potentialAction":[{"@type":"SearchAction","target":{"@type":"EntryPoint","urlTemplate":"https:\/\/araujuzon.fr\/?s={search_term_string}"},"query-input":{"@type":"PropertyValueSpecification","valueRequired":true,"valueName":"search_term_string"}}],"inLanguage":"fr-FR"},{"@type":"Organization","@id":"https:\/\/araujuzon.fr\/#organization","name":"Mairie d&#039;Araujuzon","url":"https:\/\/araujuzon.fr\/","logo":{"@type":"ImageObject","inLanguage":"fr-FR","@id":"https:\/\/araujuzon.fr\/#\/schema\/logo\/image\/","url":"https:\/\/araujuzon.fr\/wp-content\/uploads\/2020\/12\/web-agency-logo-3.png","contentUrl":"https:\/\/araujuzon.fr\/wp-content\/uploads\/2020\/12\/web-agency-logo-3.png","width":200,"height":200,"caption":"Mairie d&#039;Araujuzon"},"image":{"@id":"https:\/\/araujuzon.fr\/#\/schema\/logo\/image\/"}}]}},"_links":{"self":[{"href":"https:\/\/araujuzon.fr\/index.php\/wp-json\/wp\/v2\/pages\/411","targetHints":{"allow":["GET"]}}],"collection":[{"href":"https:\/\/araujuzon.fr\/index.php\/wp-json\/wp\/v2\/pages"}],"about":[{"href":"https:\/\/araujuzon.fr\/index.php\/wp-json\/wp\/v2\/types\/page"}],"author":[{"embeddable":true,"href":"https:\/\/araujuzon.fr\/index.php\/wp-json\/wp\/v2\/users\/1"}],"replies":[{"embeddable":true,"href":"https:\/\/araujuzon.fr\/index.php\/wp-json\/wp\/v2\/comments?post=411"}],"version-history":[{"count":2,"href":"https:\/\/araujuzon.fr\/index.php\/wp-json\/wp\/v2\/pages\/411\/revisions"}],"predecessor-version":[{"id":707,"href":"https:\/\/araujuzon.fr\/index.php\/wp-json\/wp\/v2\/pages\/411\/revisions\/707"}],"wp:attachment":[{"href":"https:\/\/araujuzon.fr\/index.php\/wp-json\/wp\/v2\/media?parent=411"}],"curies":[{"name":"wp","href":"https:\/\/api.w.org\/{rel}","templated":true}]}}