{"id":415,"date":"2024-04-22T14:19:55","date_gmt":"2024-04-22T12:19:55","guid":{"rendered":"https:\/\/araujuzon.fr\/?page_id=415"},"modified":"2024-11-15T15:53:40","modified_gmt":"2024-11-15T14:53:40","slug":"artisans","status":"publish","type":"page","link":"https:\/\/araujuzon.fr\/index.php\/artisans\/","title":{"rendered":"Artisans"},"content":{"rendered":"\n<p>La commune a pour principe de s\u2019adresser prioritairement aux artisans situ\u00e9s sur son territoire pour tous les travaux qui entrent dans leur domaine de comp\u00e9tence. Ces artisans sont implant\u00e9s de longue date sur le village, cette anciennet\u00e9 et leur notori\u00e9t\u00e9 sont un gage de qualit\u00e9.<\/p>\n\n\n\n<p>Les artisans sur le village&nbsp;:<\/p>\n\n\n\n<p>GRAVIERS et PIERRES de la Vall\u00e9e. 06.80.10.53.80 Travaux fondations, ma\u00e7onnerie, fosse septique, fournitures pierres et graviers<\/p>\n\n\n\n<p>Jean OYHENART. 06.83.97.97.21 Charpentes, couvertures, toitures<\/p>\n\n\n\n<p>Tony CAMPANELLA 06.89.99.50.35 Peintre Tapissier<\/p>\n\n\n\n<p>Nicolas GUIHARD 06.90.30.72.71 Peintre int\u00e9rieur et ext\u00e9rieur<\/p>\n\n\n\n<p>Une Ost\u00e9opathe sur le village&nbsp;:<\/p>\n\n\n\n<p>Carine FABRE 06.60.65.97.02<\/p>\n","protected":false},"excerpt":{"rendered":"<p>La commune a pour principe de s\u2019adresser prioritairement aux artisans situ\u00e9s sur son territoire pour tous les travaux qui entrent dans leur domaine de comp\u00e9tence. Ces artisans sont implant\u00e9s de longue date sur le village, cette anciennet\u00e9 et leur notori\u00e9t\u00e9 sont un gage de qualit\u00e9. Les artisans sur le village&nbsp;: GRAVIERS et PIERRES de la&hellip;&nbsp;<a href=\"https:\/\/araujuzon.fr\/index.php\/artisans\/\" rel=\"bookmark\">Lire la suite &raquo;<span class=\"screen-reader-text\">Artisans<\/span><\/a><\/p>\n","protected":false},"author":1,"featured_media":0,"parent":0,"menu_order":0,"comment_status":"closed","ping_status":"closed","template":"","meta":{"neve_meta_sidebar":"","neve_meta_container":"","neve_meta_enable_content_width":"","neve_meta_content_width":0,"neve_meta_title_alignment":"","neve_meta_author_avatar":"","neve_post_elements_order":"","neve_meta_disable_header":"","neve_meta_disable_footer":"","neve_meta_disable_title":"","_themeisle_gutenberg_block_has_review":false,"footnotes":""},"class_list":["post-415","page","type-page","status-publish","hentry"],"yoast_head":"<!-- This site is optimized with the Yoast SEO plugin v25.9 - https:\/\/yoast.com\/wordpress\/plugins\/seo\/ -->\n<title>Artisans - Mairie d&#039;Araujuzon<\/title>\n<meta name=\"robots\" content=\"index, follow, max-snippet:-1, max-image-preview:large, max-video-preview:-1\" \/>\n<link rel=\"canonical\" href=\"https:\/\/araujuzon.fr\/index.php\/artisans\/\" \/>\n<meta property=\"og:locale\" content=\"fr_FR\" \/>\n<meta property=\"og:type\" content=\"article\" \/>\n<meta property=\"og:title\" content=\"Artisans - Mairie d&#039;Araujuzon\" \/>\n<meta property=\"og:description\" content=\"La commune a pour principe de s\u2019adresser prioritairement aux artisans situ\u00e9s sur son territoire pour tous les travaux qui entrent dans leur domaine de comp\u00e9tence. Ces artisans sont implant\u00e9s de longue date sur le village, cette anciennet\u00e9 et leur notori\u00e9t\u00e9 sont un gage de qualit\u00e9. Les artisans sur le village&nbsp;: GRAVIERS et PIERRES de la&hellip;&nbsp;Lire la suite &raquo;Artisans\" \/>\n<meta property=\"og:url\" content=\"https:\/\/araujuzon.fr\/index.php\/artisans\/\" \/>\n<meta property=\"og:site_name\" content=\"Mairie d&#039;Araujuzon\" \/>\n<meta property=\"article:modified_time\" content=\"2024-11-15T14:53:40+00:00\" \/>\n<meta name=\"twitter:card\" content=\"summary_large_image\" \/>\n<meta name=\"twitter:label1\" content=\"Dur\u00e9e de lecture estim\u00e9e\" \/>\n\t<meta name=\"twitter:data1\" content=\"1 minute\" \/>\n<script type=\"application\/ld+json\" class=\"yoast-schema-graph\">{\"@context\":\"https:\/\/schema.org\",\"@graph\":[{\"@type\":\"WebPage\",\"@id\":\"https:\/\/araujuzon.fr\/index.php\/artisans\/\",\"url\":\"https:\/\/araujuzon.fr\/index.php\/artisans\/\",\"name\":\"Artisans - Mairie d&#039;Araujuzon\",\"isPartOf\":{\"@id\":\"https:\/\/araujuzon.fr\/#website\"},\"datePublished\":\"2024-04-22T12:19:55+00:00\",\"dateModified\":\"2024-11-15T14:53:40+00:00\",\"breadcrumb\":{\"@id\":\"https:\/\/araujuzon.fr\/index.php\/artisans\/#breadcrumb\"},\"inLanguage\":\"fr-FR\",\"potentialAction\":[{\"@type\":\"ReadAction\",\"target\":[\"https:\/\/araujuzon.fr\/index.php\/artisans\/\"]}]},{\"@type\":\"BreadcrumbList\",\"@id\":\"https:\/\/araujuzon.fr\/index.php\/artisans\/#breadcrumb\",\"itemListElement\":[{\"@type\":\"ListItem\",\"position\":1,\"name\":\"Accueil\",\"item\":\"https:\/\/araujuzon.fr\/\"},{\"@type\":\"ListItem\",\"position\":2,\"name\":\"Artisans\"}]},{\"@type\":\"WebSite\",\"@id\":\"https:\/\/araujuzon.fr\/#website\",\"url\":\"https:\/\/araujuzon.fr\/\",\"name\":\"Mairie d&#039;Araujuzon\",\"description\":\"entre montagnes et gaves\",\"publisher\":{\"@id\":\"https:\/\/araujuzon.fr\/#organization\"},\"potentialAction\":[{\"@type\":\"SearchAction\",\"target\":{\"@type\":\"EntryPoint\",\"urlTemplate\":\"https:\/\/araujuzon.fr\/?s={search_term_string}\"},\"query-input\":{\"@type\":\"PropertyValueSpecification\",\"valueRequired\":true,\"valueName\":\"search_term_string\"}}],\"inLanguage\":\"fr-FR\"},{\"@type\":\"Organization\",\"@id\":\"https:\/\/araujuzon.fr\/#organization\",\"name\":\"Mairie d&#039;Araujuzon\",\"url\":\"https:\/\/araujuzon.fr\/\",\"logo\":{\"@type\":\"ImageObject\",\"inLanguage\":\"fr-FR\",\"@id\":\"https:\/\/araujuzon.fr\/#\/schema\/logo\/image\/\",\"url\":\"https:\/\/araujuzon.fr\/wp-content\/uploads\/2020\/12\/web-agency-logo-3.png\",\"contentUrl\":\"https:\/\/araujuzon.fr\/wp-content\/uploads\/2020\/12\/web-agency-logo-3.png\",\"width\":200,\"height\":200,\"caption\":\"Mairie d&#039;Araujuzon\"},\"image\":{\"@id\":\"https:\/\/araujuzon.fr\/#\/schema\/logo\/image\/\"}}]}<\/script>\n<!-- \/ Yoast SEO plugin. -->","yoast_head_json":{"title":"Artisans - Mairie d&#039;Araujuzon","robots":{"index":"index","follow":"follow","max-snippet":"max-snippet:-1","max-image-preview":"max-image-preview:large","max-video-preview":"max-video-preview:-1"},"canonical":"https:\/\/araujuzon.fr\/index.php\/artisans\/","og_locale":"fr_FR","og_type":"article","og_title":"Artisans - Mairie d&#039;Araujuzon","og_description":"La commune a pour principe de s\u2019adresser prioritairement aux artisans situ\u00e9s sur son territoire pour tous les travaux qui entrent dans leur domaine de comp\u00e9tence. Ces artisans sont implant\u00e9s de longue date sur le village, cette anciennet\u00e9 et leur notori\u00e9t\u00e9 sont un gage de qualit\u00e9. Les artisans sur le village&nbsp;: GRAVIERS et PIERRES de la&hellip;&nbsp;Lire la suite &raquo;Artisans","og_url":"https:\/\/araujuzon.fr\/index.php\/artisans\/","og_site_name":"Mairie d&#039;Araujuzon","article_modified_time":"2024-11-15T14:53:40+00:00","twitter_card":"summary_large_image","twitter_misc":{"Dur\u00e9e de lecture estim\u00e9e":"1 minute"},"schema":{"@context":"https:\/\/schema.org","@graph":[{"@type":"WebPage","@id":"https:\/\/araujuzon.fr\/index.php\/artisans\/","url":"https:\/\/araujuzon.fr\/index.php\/artisans\/","name":"Artisans - Mairie d&#039;Araujuzon","isPartOf":{"@id":"https:\/\/araujuzon.fr\/#website"},"datePublished":"2024-04-22T12:19:55+00:00","dateModified":"2024-11-15T14:53:40+00:00","breadcrumb":{"@id":"https:\/\/araujuzon.fr\/index.php\/artisans\/#breadcrumb"},"inLanguage":"fr-FR","potentialAction":[{"@type":"ReadAction","target":["https:\/\/araujuzon.fr\/index.php\/artisans\/"]}]},{"@type":"BreadcrumbList","@id":"https:\/\/araujuzon.fr\/index.php\/artisans\/#breadcrumb","itemListElement":[{"@type":"ListItem","position":1,"name":"Accueil","item":"https:\/\/araujuzon.fr\/"},{"@type":"ListItem","position":2,"name":"Artisans"}]},{"@type":"WebSite","@id":"https:\/\/araujuzon.fr\/#website","url":"https:\/\/araujuzon.fr\/","name":"Mairie d&#039;Araujuzon","description":"entre montagnes et gaves","publisher":{"@id":"https:\/\/araujuzon.fr\/#organization"},"potentialAction":[{"@type":"SearchAction","target":{"@type":"EntryPoint","urlTemplate":"https:\/\/araujuzon.fr\/?s={search_term_string}"},"query-input":{"@type":"PropertyValueSpecification","valueRequired":true,"valueName":"search_term_string"}}],"inLanguage":"fr-FR"},{"@type":"Organization","@id":"https:\/\/araujuzon.fr\/#organization","name":"Mairie d&#039;Araujuzon","url":"https:\/\/araujuzon.fr\/","logo":{"@type":"ImageObject","inLanguage":"fr-FR","@id":"https:\/\/araujuzon.fr\/#\/schema\/logo\/image\/","url":"https:\/\/araujuzon.fr\/wp-content\/uploads\/2020\/12\/web-agency-logo-3.png","contentUrl":"https:\/\/araujuzon.fr\/wp-content\/uploads\/2020\/12\/web-agency-logo-3.png","width":200,"height":200,"caption":"Mairie d&#039;Araujuzon"},"image":{"@id":"https:\/\/araujuzon.fr\/#\/schema\/logo\/image\/"}}]}},"_links":{"self":[{"href":"https:\/\/araujuzon.fr\/index.php\/wp-json\/wp\/v2\/pages\/415","targetHints":{"allow":["GET"]}}],"collection":[{"href":"https:\/\/araujuzon.fr\/index.php\/wp-json\/wp\/v2\/pages"}],"about":[{"href":"https:\/\/araujuzon.fr\/index.php\/wp-json\/wp\/v2\/types\/page"}],"author":[{"embeddable":true,"href":"https:\/\/araujuzon.fr\/index.php\/wp-json\/wp\/v2\/users\/1"}],"replies":[{"embeddable":true,"href":"https:\/\/araujuzon.fr\/index.php\/wp-json\/wp\/v2\/comments?post=415"}],"version-history":[{"count":2,"href":"https:\/\/araujuzon.fr\/index.php\/wp-json\/wp\/v2\/pages\/415\/revisions"}],"predecessor-version":[{"id":711,"href":"https:\/\/araujuzon.fr\/index.php\/wp-json\/wp\/v2\/pages\/415\/revisions\/711"}],"wp:attachment":[{"href":"https:\/\/araujuzon.fr\/index.php\/wp-json\/wp\/v2\/media?parent=415"}],"curies":[{"name":"wp","href":"https:\/\/api.w.org\/{rel}","templated":true}]}}