{"id":682,"date":"2024-11-15T14:47:34","date_gmt":"2024-11-15T13:47:34","guid":{"rendered":"https:\/\/araujuzon.fr\/?page_id=682"},"modified":"2024-11-15T14:48:46","modified_gmt":"2024-11-15T13:48:46","slug":"demande-dacte-detat-civil","status":"publish","type":"page","link":"https:\/\/araujuzon.fr\/index.php\/demande-dacte-detat-civil\/","title":{"rendered":"Demande d&rsquo;acte d&rsquo;\u00e9tat civil"},"content":{"rendered":"\n<h3 class=\"wp-block-heading\"><strong>ACTE DE NAISSANCE<\/strong><\/h3>\n\n\n\n<p>Si vous avez besoin d&rsquo;un acte de naissance, 3 documents diff\u00e9rents peuvent vous \u00eatre d\u00e9livr\u00e9s&nbsp;: une&nbsp;<strong>copie int\u00e9grale<\/strong>&nbsp;(c&rsquo;est-\u00e0-dire la reproduction de l&rsquo;ensemble de votre acte de naissance), un&nbsp;<strong>extrait avec&nbsp;<\/strong>filiation : Lien juridique entre un enfant et son p\u00e8re et\/ou sa m\u00e8re ou un&nbsp;<strong>extrait sans filiation<\/strong>. La d\u00e9marche varie en fonction de votre lieu de naissance (en France ou \u00e0 l&rsquo;\u00e9tranger). La demande d&rsquo;un acte de naissance est&nbsp;<strong>gratuite<\/strong>.<\/p>\n\n\n\n<p>Vous pouvez faire la demande&nbsp;<strong>directement en ligne<\/strong>&nbsp;:&nbsp;<a href=\"https:\/\/www.service-public.fr\/particuliers\/vosdroits\/R1406\">Acc\u00e9der \u00e0 la d\u00e9marche en ligne &#8211; service gratuit<\/a><\/p>\n\n\n\n<p>Vous recevrez le document chez vous par courrier en&nbsp;<strong>quelques jours<\/strong>.<\/p>\n\n\n\n<p>Si vous ne faites pas la demande en ligne, vous pouvez&nbsp;<strong>la faire par courrier ou en vous rendant sur place<\/strong>.<\/p>\n\n\n\n<h3 class=\"wp-block-heading\"><strong>ACTE DE MARIAGE<\/strong><\/h3>\n\n\n\n<p>Trois types d&rsquo;actes de mariage peuvent vous \u00eatre remis&nbsp;: une&nbsp;<strong>copie int\u00e9grale<\/strong>&nbsp;(c&rsquo;est-\u00e0-dire la reproduction de l&rsquo;ensemble de votre acte de mariage) ou un&nbsp;<strong>extrait avec&nbsp;<\/strong>filiation : Lien juridique entre un enfant et son p\u00e8re et\/ou sa m\u00e8re ou un&nbsp;<strong>extrait sans filiation<\/strong>. La demande d&rsquo;un acte de mariage est&nbsp;<strong>gratuite<\/strong>.<\/p>\n\n\n\n<p>La d\u00e9marche varie en fonction du&nbsp;<strong>lieu du mariage<\/strong>&nbsp;: en France ou \u00e0 l&rsquo;\u00e9tranger. La demande d&rsquo;un acte de mariage est&nbsp;<strong>gratuite<\/strong>.<\/p>\n\n\n\n<p>Vous pouvez faire la demande&nbsp;<strong>directement en ligne<\/strong>&nbsp;:&nbsp;<a href=\"https:\/\/www.service-public.fr\/particuliers\/vosdroits\/R42837\">Acc\u00e9der \u00e0 la d\u00e9marche en ligne &#8211; service gratuit<\/a><\/p>\n\n\n\n<p>Si vous ne faites pas la demande en ligne, vous pouvez&nbsp;<strong>la faire par courrier ou en vous rendant sur place<\/strong>.<\/p>\n\n\n\n<h3 class=\"wp-block-heading\"><strong>ACTE DE DECES<\/strong><\/h3>\n\n\n\n<p>La copie int\u00e9grale d&rsquo;acte de d\u00e9c\u00e8s est la reproduction de l&rsquo;ensemble d&rsquo;un acte de d\u00e9c\u00e8s. Vous pouvez la demander \u00e0 tout moment,&nbsp;<strong>sans justificatifs<\/strong>. Les d\u00e9marches pour l&rsquo;obtenir&nbsp;<strong>d\u00e9pendent du lieu du d\u00e9c\u00e8s<\/strong>&nbsp;: en France ou \u00e0 l&rsquo;\u00e9tranger. La demande d&rsquo;un acte de d\u00e9c\u00e8s est&nbsp;<strong>gratuite<\/strong>.<\/p>\n\n\n\n<p>Vous pouvez faire la demande&nbsp;<strong>directement en ligne<\/strong>&nbsp;:&nbsp;<a href=\"https:\/\/www.service-public.fr\/particuliers\/vosdroits\/R42838\">Acc\u00e9der \u00e0 la d\u00e9marche en ligne &#8211; service gratuit<\/a><\/p>\n\n\n\n<p>Si vous ne faites pas la demande en ligne, vous pouvez&nbsp;<strong>la faire par courrier ou en vous rendant sur place,&nbsp;<\/strong>soit aupr\u00e8s de la mairie du lieu de d\u00e9c\u00e8s, soit aupr\u00e8s de la mairie du dernier domicile du d\u00e9funt.<\/p>\n","protected":false},"excerpt":{"rendered":"<p>ACTE DE NAISSANCE Si vous avez besoin d&rsquo;un acte de naissance, 3 documents diff\u00e9rents peuvent vous \u00eatre d\u00e9livr\u00e9s&nbsp;: une&nbsp;copie int\u00e9grale&nbsp;(c&rsquo;est-\u00e0-dire la reproduction de l&rsquo;ensemble de votre acte de naissance), un&nbsp;extrait avec&nbsp;filiation : Lien juridique entre un enfant et son p\u00e8re et\/ou sa m\u00e8re ou un&nbsp;extrait sans filiation. La d\u00e9marche varie en fonction de votre lieu&hellip;&nbsp;<a href=\"https:\/\/araujuzon.fr\/index.php\/demande-dacte-detat-civil\/\" rel=\"bookmark\">Lire la suite &raquo;<span class=\"screen-reader-text\">Demande d&rsquo;acte d&rsquo;\u00e9tat civil<\/span><\/a><\/p>\n","protected":false},"author":1,"featured_media":0,"parent":0,"menu_order":0,"comment_status":"closed","ping_status":"closed","template":"","meta":{"neve_meta_sidebar":"","neve_meta_container":"","neve_meta_enable_content_width":"","neve_meta_content_width":0,"neve_meta_title_alignment":"","neve_meta_author_avatar":"","neve_post_elements_order":"","neve_meta_disable_header":"","neve_meta_disable_footer":"","neve_meta_disable_title":"","_themeisle_gutenberg_block_has_review":false,"footnotes":""},"class_list":["post-682","page","type-page","status-publish","hentry"],"yoast_head":"<!-- This site is optimized with the Yoast SEO plugin v25.9 - https:\/\/yoast.com\/wordpress\/plugins\/seo\/ -->\n<title>Demande d&#039;acte d&#039;\u00e9tat civil - Mairie d&#039;Araujuzon<\/title>\n<meta name=\"robots\" content=\"index, follow, max-snippet:-1, max-image-preview:large, max-video-preview:-1\" \/>\n<link rel=\"canonical\" href=\"https:\/\/araujuzon.fr\/index.php\/demande-dacte-detat-civil\/\" \/>\n<meta property=\"og:locale\" content=\"fr_FR\" \/>\n<meta property=\"og:type\" content=\"article\" \/>\n<meta property=\"og:title\" content=\"Demande d&#039;acte d&#039;\u00e9tat civil - Mairie d&#039;Araujuzon\" \/>\n<meta property=\"og:description\" content=\"ACTE DE NAISSANCE Si vous avez besoin d&rsquo;un acte de naissance, 3 documents diff\u00e9rents peuvent vous \u00eatre d\u00e9livr\u00e9s&nbsp;: une&nbsp;copie int\u00e9grale&nbsp;(c&rsquo;est-\u00e0-dire la reproduction de l&rsquo;ensemble de votre acte de naissance), un&nbsp;extrait avec&nbsp;filiation : Lien juridique entre un enfant et son p\u00e8re et\/ou sa m\u00e8re ou un&nbsp;extrait sans filiation. La d\u00e9marche varie en fonction de votre lieu&hellip;&nbsp;Lire la suite &raquo;Demande d&rsquo;acte d&rsquo;\u00e9tat civil\" \/>\n<meta property=\"og:url\" content=\"https:\/\/araujuzon.fr\/index.php\/demande-dacte-detat-civil\/\" \/>\n<meta property=\"og:site_name\" content=\"Mairie d&#039;Araujuzon\" \/>\n<meta property=\"article:modified_time\" content=\"2024-11-15T13:48:46+00:00\" \/>\n<meta name=\"twitter:card\" content=\"summary_large_image\" \/>\n<meta name=\"twitter:label1\" content=\"Dur\u00e9e de lecture estim\u00e9e\" \/>\n\t<meta name=\"twitter:data1\" content=\"2 minutes\" \/>\n<script type=\"application\/ld+json\" class=\"yoast-schema-graph\">{\"@context\":\"https:\/\/schema.org\",\"@graph\":[{\"@type\":\"WebPage\",\"@id\":\"https:\/\/araujuzon.fr\/index.php\/demande-dacte-detat-civil\/\",\"url\":\"https:\/\/araujuzon.fr\/index.php\/demande-dacte-detat-civil\/\",\"name\":\"Demande d'acte d'\u00e9tat civil - Mairie d&#039;Araujuzon\",\"isPartOf\":{\"@id\":\"https:\/\/araujuzon.fr\/#website\"},\"datePublished\":\"2024-11-15T13:47:34+00:00\",\"dateModified\":\"2024-11-15T13:48:46+00:00\",\"breadcrumb\":{\"@id\":\"https:\/\/araujuzon.fr\/index.php\/demande-dacte-detat-civil\/#breadcrumb\"},\"inLanguage\":\"fr-FR\",\"potentialAction\":[{\"@type\":\"ReadAction\",\"target\":[\"https:\/\/araujuzon.fr\/index.php\/demande-dacte-detat-civil\/\"]}]},{\"@type\":\"BreadcrumbList\",\"@id\":\"https:\/\/araujuzon.fr\/index.php\/demande-dacte-detat-civil\/#breadcrumb\",\"itemListElement\":[{\"@type\":\"ListItem\",\"position\":1,\"name\":\"Accueil\",\"item\":\"https:\/\/araujuzon.fr\/\"},{\"@type\":\"ListItem\",\"position\":2,\"name\":\"Demande d&rsquo;acte d&rsquo;\u00e9tat civil\"}]},{\"@type\":\"WebSite\",\"@id\":\"https:\/\/araujuzon.fr\/#website\",\"url\":\"https:\/\/araujuzon.fr\/\",\"name\":\"Mairie d&#039;Araujuzon\",\"description\":\"entre montagnes et gaves\",\"publisher\":{\"@id\":\"https:\/\/araujuzon.fr\/#organization\"},\"potentialAction\":[{\"@type\":\"SearchAction\",\"target\":{\"@type\":\"EntryPoint\",\"urlTemplate\":\"https:\/\/araujuzon.fr\/?s={search_term_string}\"},\"query-input\":{\"@type\":\"PropertyValueSpecification\",\"valueRequired\":true,\"valueName\":\"search_term_string\"}}],\"inLanguage\":\"fr-FR\"},{\"@type\":\"Organization\",\"@id\":\"https:\/\/araujuzon.fr\/#organization\",\"name\":\"Mairie d&#039;Araujuzon\",\"url\":\"https:\/\/araujuzon.fr\/\",\"logo\":{\"@type\":\"ImageObject\",\"inLanguage\":\"fr-FR\",\"@id\":\"https:\/\/araujuzon.fr\/#\/schema\/logo\/image\/\",\"url\":\"https:\/\/araujuzon.fr\/wp-content\/uploads\/2020\/12\/web-agency-logo-3.png\",\"contentUrl\":\"https:\/\/araujuzon.fr\/wp-content\/uploads\/2020\/12\/web-agency-logo-3.png\",\"width\":200,\"height\":200,\"caption\":\"Mairie d&#039;Araujuzon\"},\"image\":{\"@id\":\"https:\/\/araujuzon.fr\/#\/schema\/logo\/image\/\"}}]}<\/script>\n<!-- \/ Yoast SEO plugin. -->","yoast_head_json":{"title":"Demande d'acte d'\u00e9tat civil - Mairie d&#039;Araujuzon","robots":{"index":"index","follow":"follow","max-snippet":"max-snippet:-1","max-image-preview":"max-image-preview:large","max-video-preview":"max-video-preview:-1"},"canonical":"https:\/\/araujuzon.fr\/index.php\/demande-dacte-detat-civil\/","og_locale":"fr_FR","og_type":"article","og_title":"Demande d'acte d'\u00e9tat civil - Mairie d&#039;Araujuzon","og_description":"ACTE DE NAISSANCE Si vous avez besoin d&rsquo;un acte de naissance, 3 documents diff\u00e9rents peuvent vous \u00eatre d\u00e9livr\u00e9s&nbsp;: une&nbsp;copie int\u00e9grale&nbsp;(c&rsquo;est-\u00e0-dire la reproduction de l&rsquo;ensemble de votre acte de naissance), un&nbsp;extrait avec&nbsp;filiation : Lien juridique entre un enfant et son p\u00e8re et\/ou sa m\u00e8re ou un&nbsp;extrait sans filiation. La d\u00e9marche varie en fonction de votre lieu&hellip;&nbsp;Lire la suite &raquo;Demande d&rsquo;acte d&rsquo;\u00e9tat civil","og_url":"https:\/\/araujuzon.fr\/index.php\/demande-dacte-detat-civil\/","og_site_name":"Mairie d&#039;Araujuzon","article_modified_time":"2024-11-15T13:48:46+00:00","twitter_card":"summary_large_image","twitter_misc":{"Dur\u00e9e de lecture estim\u00e9e":"2 minutes"},"schema":{"@context":"https:\/\/schema.org","@graph":[{"@type":"WebPage","@id":"https:\/\/araujuzon.fr\/index.php\/demande-dacte-detat-civil\/","url":"https:\/\/araujuzon.fr\/index.php\/demande-dacte-detat-civil\/","name":"Demande d'acte d'\u00e9tat civil - Mairie d&#039;Araujuzon","isPartOf":{"@id":"https:\/\/araujuzon.fr\/#website"},"datePublished":"2024-11-15T13:47:34+00:00","dateModified":"2024-11-15T13:48:46+00:00","breadcrumb":{"@id":"https:\/\/araujuzon.fr\/index.php\/demande-dacte-detat-civil\/#breadcrumb"},"inLanguage":"fr-FR","potentialAction":[{"@type":"ReadAction","target":["https:\/\/araujuzon.fr\/index.php\/demande-dacte-detat-civil\/"]}]},{"@type":"BreadcrumbList","@id":"https:\/\/araujuzon.fr\/index.php\/demande-dacte-detat-civil\/#breadcrumb","itemListElement":[{"@type":"ListItem","position":1,"name":"Accueil","item":"https:\/\/araujuzon.fr\/"},{"@type":"ListItem","position":2,"name":"Demande d&rsquo;acte d&rsquo;\u00e9tat civil"}]},{"@type":"WebSite","@id":"https:\/\/araujuzon.fr\/#website","url":"https:\/\/araujuzon.fr\/","name":"Mairie d&#039;Araujuzon","description":"entre montagnes et gaves","publisher":{"@id":"https:\/\/araujuzon.fr\/#organization"},"potentialAction":[{"@type":"SearchAction","target":{"@type":"EntryPoint","urlTemplate":"https:\/\/araujuzon.fr\/?s={search_term_string}"},"query-input":{"@type":"PropertyValueSpecification","valueRequired":true,"valueName":"search_term_string"}}],"inLanguage":"fr-FR"},{"@type":"Organization","@id":"https:\/\/araujuzon.fr\/#organization","name":"Mairie d&#039;Araujuzon","url":"https:\/\/araujuzon.fr\/","logo":{"@type":"ImageObject","inLanguage":"fr-FR","@id":"https:\/\/araujuzon.fr\/#\/schema\/logo\/image\/","url":"https:\/\/araujuzon.fr\/wp-content\/uploads\/2020\/12\/web-agency-logo-3.png","contentUrl":"https:\/\/araujuzon.fr\/wp-content\/uploads\/2020\/12\/web-agency-logo-3.png","width":200,"height":200,"caption":"Mairie d&#039;Araujuzon"},"image":{"@id":"https:\/\/araujuzon.fr\/#\/schema\/logo\/image\/"}}]}},"_links":{"self":[{"href":"https:\/\/araujuzon.fr\/index.php\/wp-json\/wp\/v2\/pages\/682","targetHints":{"allow":["GET"]}}],"collection":[{"href":"https:\/\/araujuzon.fr\/index.php\/wp-json\/wp\/v2\/pages"}],"about":[{"href":"https:\/\/araujuzon.fr\/index.php\/wp-json\/wp\/v2\/types\/page"}],"author":[{"embeddable":true,"href":"https:\/\/araujuzon.fr\/index.php\/wp-json\/wp\/v2\/users\/1"}],"replies":[{"embeddable":true,"href":"https:\/\/araujuzon.fr\/index.php\/wp-json\/wp\/v2\/comments?post=682"}],"version-history":[{"count":2,"href":"https:\/\/araujuzon.fr\/index.php\/wp-json\/wp\/v2\/pages\/682\/revisions"}],"predecessor-version":[{"id":685,"href":"https:\/\/araujuzon.fr\/index.php\/wp-json\/wp\/v2\/pages\/682\/revisions\/685"}],"wp:attachment":[{"href":"https:\/\/araujuzon.fr\/index.php\/wp-json\/wp\/v2\/media?parent=682"}],"curies":[{"name":"wp","href":"https:\/\/api.w.org\/{rel}","templated":true}]}}