{"id":686,"date":"2024-11-15T14:50:35","date_gmt":"2024-11-15T13:50:35","guid":{"rendered":"https:\/\/araujuzon.fr\/?page_id=686"},"modified":"2024-11-15T14:50:36","modified_gmt":"2024-11-15T13:50:36","slug":"carte-nationale-didentite-passeport","status":"publish","type":"page","link":"https:\/\/araujuzon.fr\/index.php\/carte-nationale-didentite-passeport\/","title":{"rendered":"Carte Nationale D&rsquo;identit\u00e9 &#8211; Passeport"},"content":{"rendered":"\n<p>La Mairie ne peut d\u00e9livrer de carte nationale d\u2019identit\u00e9, ni de passeport.<\/p>\n\n\n\n<p>La d\u00e9marche pour obtenir ces documents est clairement expliqu\u00e9e sur le site de la Pr\u00e9fecture des Pyr\u00e9n\u00e9es Atlantiques. Vous devez d\u2019abord faire une pr\u00e9-demande sur le site&nbsp;: ants.gouv.fr ou dans l\u2019espace France Services \u00e0 Navarrenx. Vous obtiendrais ensuite un rendez-vous dans la Mairie la plus proche \u00e9quip\u00e9e d\u2019une station biom\u00e9trique (pour enregistrer les empreintes digitales). La Mairie la plus proche est \u00e0 Navarrenx.<\/p>\n\n\n\n<p>M\u00eame proc\u00e9dure pour le passeport.<\/p>\n","protected":false},"excerpt":{"rendered":"<p>La Mairie ne peut d\u00e9livrer de carte nationale d\u2019identit\u00e9, ni de passeport. La d\u00e9marche pour obtenir ces documents est clairement expliqu\u00e9e sur le site de la Pr\u00e9fecture des Pyr\u00e9n\u00e9es Atlantiques. Vous devez d\u2019abord faire une pr\u00e9-demande sur le site&nbsp;: ants.gouv.fr ou dans l\u2019espace France Services \u00e0 Navarrenx. Vous obtiendrais ensuite un rendez-vous dans la Mairie&hellip;&nbsp;<a href=\"https:\/\/araujuzon.fr\/index.php\/carte-nationale-didentite-passeport\/\" rel=\"bookmark\">Lire la suite &raquo;<span class=\"screen-reader-text\">Carte Nationale D&rsquo;identit\u00e9 &#8211; Passeport<\/span><\/a><\/p>\n","protected":false},"author":1,"featured_media":0,"parent":0,"menu_order":0,"comment_status":"closed","ping_status":"closed","template":"","meta":{"neve_meta_sidebar":"","neve_meta_container":"","neve_meta_enable_content_width":"","neve_meta_content_width":0,"neve_meta_title_alignment":"","neve_meta_author_avatar":"","neve_post_elements_order":"","neve_meta_disable_header":"","neve_meta_disable_footer":"","neve_meta_disable_title":"","_themeisle_gutenberg_block_has_review":false,"footnotes":""},"class_list":["post-686","page","type-page","status-publish","hentry"],"yoast_head":"<!-- This site is optimized with the Yoast SEO plugin v25.9 - https:\/\/yoast.com\/wordpress\/plugins\/seo\/ -->\n<title>Carte Nationale D&#039;identit\u00e9 - Passeport - Mairie d&#039;Araujuzon<\/title>\n<meta name=\"robots\" content=\"index, follow, max-snippet:-1, max-image-preview:large, max-video-preview:-1\" \/>\n<link rel=\"canonical\" href=\"https:\/\/araujuzon.fr\/index.php\/carte-nationale-didentite-passeport\/\" \/>\n<meta property=\"og:locale\" content=\"fr_FR\" \/>\n<meta property=\"og:type\" content=\"article\" \/>\n<meta property=\"og:title\" content=\"Carte Nationale D&#039;identit\u00e9 - Passeport - Mairie d&#039;Araujuzon\" \/>\n<meta property=\"og:description\" content=\"La Mairie ne peut d\u00e9livrer de carte nationale d\u2019identit\u00e9, ni de passeport. La d\u00e9marche pour obtenir ces documents est clairement expliqu\u00e9e sur le site de la Pr\u00e9fecture des Pyr\u00e9n\u00e9es Atlantiques. Vous devez d\u2019abord faire une pr\u00e9-demande sur le site&nbsp;: ants.gouv.fr ou dans l\u2019espace France Services \u00e0 Navarrenx. Vous obtiendrais ensuite un rendez-vous dans la Mairie&hellip;&nbsp;Lire la suite &raquo;Carte Nationale D&rsquo;identit\u00e9 &#8211; Passeport\" \/>\n<meta property=\"og:url\" content=\"https:\/\/araujuzon.fr\/index.php\/carte-nationale-didentite-passeport\/\" \/>\n<meta property=\"og:site_name\" content=\"Mairie d&#039;Araujuzon\" \/>\n<meta property=\"article:modified_time\" content=\"2024-11-15T13:50:36+00:00\" \/>\n<meta name=\"twitter:card\" content=\"summary_large_image\" \/>\n<meta name=\"twitter:label1\" content=\"Dur\u00e9e de lecture estim\u00e9e\" \/>\n\t<meta name=\"twitter:data1\" content=\"1 minute\" \/>\n<script type=\"application\/ld+json\" class=\"yoast-schema-graph\">{\"@context\":\"https:\/\/schema.org\",\"@graph\":[{\"@type\":\"WebPage\",\"@id\":\"https:\/\/araujuzon.fr\/index.php\/carte-nationale-didentite-passeport\/\",\"url\":\"https:\/\/araujuzon.fr\/index.php\/carte-nationale-didentite-passeport\/\",\"name\":\"Carte Nationale D'identit\u00e9 - Passeport - Mairie d&#039;Araujuzon\",\"isPartOf\":{\"@id\":\"https:\/\/araujuzon.fr\/#website\"},\"datePublished\":\"2024-11-15T13:50:35+00:00\",\"dateModified\":\"2024-11-15T13:50:36+00:00\",\"breadcrumb\":{\"@id\":\"https:\/\/araujuzon.fr\/index.php\/carte-nationale-didentite-passeport\/#breadcrumb\"},\"inLanguage\":\"fr-FR\",\"potentialAction\":[{\"@type\":\"ReadAction\",\"target\":[\"https:\/\/araujuzon.fr\/index.php\/carte-nationale-didentite-passeport\/\"]}]},{\"@type\":\"BreadcrumbList\",\"@id\":\"https:\/\/araujuzon.fr\/index.php\/carte-nationale-didentite-passeport\/#breadcrumb\",\"itemListElement\":[{\"@type\":\"ListItem\",\"position\":1,\"name\":\"Accueil\",\"item\":\"https:\/\/araujuzon.fr\/\"},{\"@type\":\"ListItem\",\"position\":2,\"name\":\"Carte Nationale D&rsquo;identit\u00e9 &#8211; Passeport\"}]},{\"@type\":\"WebSite\",\"@id\":\"https:\/\/araujuzon.fr\/#website\",\"url\":\"https:\/\/araujuzon.fr\/\",\"name\":\"Mairie d&#039;Araujuzon\",\"description\":\"entre montagnes et gaves\",\"publisher\":{\"@id\":\"https:\/\/araujuzon.fr\/#organization\"},\"potentialAction\":[{\"@type\":\"SearchAction\",\"target\":{\"@type\":\"EntryPoint\",\"urlTemplate\":\"https:\/\/araujuzon.fr\/?s={search_term_string}\"},\"query-input\":{\"@type\":\"PropertyValueSpecification\",\"valueRequired\":true,\"valueName\":\"search_term_string\"}}],\"inLanguage\":\"fr-FR\"},{\"@type\":\"Organization\",\"@id\":\"https:\/\/araujuzon.fr\/#organization\",\"name\":\"Mairie d&#039;Araujuzon\",\"url\":\"https:\/\/araujuzon.fr\/\",\"logo\":{\"@type\":\"ImageObject\",\"inLanguage\":\"fr-FR\",\"@id\":\"https:\/\/araujuzon.fr\/#\/schema\/logo\/image\/\",\"url\":\"https:\/\/araujuzon.fr\/wp-content\/uploads\/2020\/12\/web-agency-logo-3.png\",\"contentUrl\":\"https:\/\/araujuzon.fr\/wp-content\/uploads\/2020\/12\/web-agency-logo-3.png\",\"width\":200,\"height\":200,\"caption\":\"Mairie d&#039;Araujuzon\"},\"image\":{\"@id\":\"https:\/\/araujuzon.fr\/#\/schema\/logo\/image\/\"}}]}<\/script>\n<!-- \/ Yoast SEO plugin. -->","yoast_head_json":{"title":"Carte Nationale D'identit\u00e9 - Passeport - Mairie d&#039;Araujuzon","robots":{"index":"index","follow":"follow","max-snippet":"max-snippet:-1","max-image-preview":"max-image-preview:large","max-video-preview":"max-video-preview:-1"},"canonical":"https:\/\/araujuzon.fr\/index.php\/carte-nationale-didentite-passeport\/","og_locale":"fr_FR","og_type":"article","og_title":"Carte Nationale D'identit\u00e9 - Passeport - Mairie d&#039;Araujuzon","og_description":"La Mairie ne peut d\u00e9livrer de carte nationale d\u2019identit\u00e9, ni de passeport. La d\u00e9marche pour obtenir ces documents est clairement expliqu\u00e9e sur le site de la Pr\u00e9fecture des Pyr\u00e9n\u00e9es Atlantiques. Vous devez d\u2019abord faire une pr\u00e9-demande sur le site&nbsp;: ants.gouv.fr ou dans l\u2019espace France Services \u00e0 Navarrenx. Vous obtiendrais ensuite un rendez-vous dans la Mairie&hellip;&nbsp;Lire la suite &raquo;Carte Nationale D&rsquo;identit\u00e9 &#8211; Passeport","og_url":"https:\/\/araujuzon.fr\/index.php\/carte-nationale-didentite-passeport\/","og_site_name":"Mairie d&#039;Araujuzon","article_modified_time":"2024-11-15T13:50:36+00:00","twitter_card":"summary_large_image","twitter_misc":{"Dur\u00e9e de lecture estim\u00e9e":"1 minute"},"schema":{"@context":"https:\/\/schema.org","@graph":[{"@type":"WebPage","@id":"https:\/\/araujuzon.fr\/index.php\/carte-nationale-didentite-passeport\/","url":"https:\/\/araujuzon.fr\/index.php\/carte-nationale-didentite-passeport\/","name":"Carte Nationale D'identit\u00e9 - Passeport - Mairie d&#039;Araujuzon","isPartOf":{"@id":"https:\/\/araujuzon.fr\/#website"},"datePublished":"2024-11-15T13:50:35+00:00","dateModified":"2024-11-15T13:50:36+00:00","breadcrumb":{"@id":"https:\/\/araujuzon.fr\/index.php\/carte-nationale-didentite-passeport\/#breadcrumb"},"inLanguage":"fr-FR","potentialAction":[{"@type":"ReadAction","target":["https:\/\/araujuzon.fr\/index.php\/carte-nationale-didentite-passeport\/"]}]},{"@type":"BreadcrumbList","@id":"https:\/\/araujuzon.fr\/index.php\/carte-nationale-didentite-passeport\/#breadcrumb","itemListElement":[{"@type":"ListItem","position":1,"name":"Accueil","item":"https:\/\/araujuzon.fr\/"},{"@type":"ListItem","position":2,"name":"Carte Nationale D&rsquo;identit\u00e9 &#8211; Passeport"}]},{"@type":"WebSite","@id":"https:\/\/araujuzon.fr\/#website","url":"https:\/\/araujuzon.fr\/","name":"Mairie d&#039;Araujuzon","description":"entre montagnes et gaves","publisher":{"@id":"https:\/\/araujuzon.fr\/#organization"},"potentialAction":[{"@type":"SearchAction","target":{"@type":"EntryPoint","urlTemplate":"https:\/\/araujuzon.fr\/?s={search_term_string}"},"query-input":{"@type":"PropertyValueSpecification","valueRequired":true,"valueName":"search_term_string"}}],"inLanguage":"fr-FR"},{"@type":"Organization","@id":"https:\/\/araujuzon.fr\/#organization","name":"Mairie d&#039;Araujuzon","url":"https:\/\/araujuzon.fr\/","logo":{"@type":"ImageObject","inLanguage":"fr-FR","@id":"https:\/\/araujuzon.fr\/#\/schema\/logo\/image\/","url":"https:\/\/araujuzon.fr\/wp-content\/uploads\/2020\/12\/web-agency-logo-3.png","contentUrl":"https:\/\/araujuzon.fr\/wp-content\/uploads\/2020\/12\/web-agency-logo-3.png","width":200,"height":200,"caption":"Mairie d&#039;Araujuzon"},"image":{"@id":"https:\/\/araujuzon.fr\/#\/schema\/logo\/image\/"}}]}},"_links":{"self":[{"href":"https:\/\/araujuzon.fr\/index.php\/wp-json\/wp\/v2\/pages\/686","targetHints":{"allow":["GET"]}}],"collection":[{"href":"https:\/\/araujuzon.fr\/index.php\/wp-json\/wp\/v2\/pages"}],"about":[{"href":"https:\/\/araujuzon.fr\/index.php\/wp-json\/wp\/v2\/types\/page"}],"author":[{"embeddable":true,"href":"https:\/\/araujuzon.fr\/index.php\/wp-json\/wp\/v2\/users\/1"}],"replies":[{"embeddable":true,"href":"https:\/\/araujuzon.fr\/index.php\/wp-json\/wp\/v2\/comments?post=686"}],"version-history":[{"count":1,"href":"https:\/\/araujuzon.fr\/index.php\/wp-json\/wp\/v2\/pages\/686\/revisions"}],"predecessor-version":[{"id":687,"href":"https:\/\/araujuzon.fr\/index.php\/wp-json\/wp\/v2\/pages\/686\/revisions\/687"}],"wp:attachment":[{"href":"https:\/\/araujuzon.fr\/index.php\/wp-json\/wp\/v2\/media?parent=686"}],"curies":[{"name":"wp","href":"https:\/\/api.w.org\/{rel}","templated":true}]}}